{"id":8263,"date":"2020-12-11T01:42:29","date_gmt":"2020-12-11T01:42:29","guid":{"rendered":"https:\/\/celikavukatlik.com\/homepage-wpbakery\/"},"modified":"2022-02-20T15:53:46","modified_gmt":"2022-02-20T12:53:46","slug":"homepage-wpbakery","status":"publish","type":"page","link":"https:\/\/celikavukatlik.com\/de\/","title":{"rendered":"Homepage"},"content":{"rendered":"[vc_section full_width=&#8220;stretch_row&#8220; pix_over_visibility=&#8220;&#8220; t_flip_h=&#8220;true&#8220; responsive_css=&#8220;{&#8222;pix_res_sm_pt&#8222;:&#8222;20&#8222;,&#8222;pix_res_sm_pb&#8222;:&#8222;20&#8222;,&#8222;pix_res_md_pt&#8222;:&#8222;40&#8222;,&#8222;pix_res_md_pb&#8222;:&#8222;40&#8222;}&#8220; css=&#8220;.vc_custom_1636548363860{padding-top: 30px !important;padding-bottom: 30px !important;background-image: url(https:\/\/celikavukatlik.com\/wp-content\/uploads\/2021\/11\/celikavukat-side.jpg?id=7899) !important;}&#8220; t_custom_height=&#8220;200px&#8220; b_custom_height=&#8220;300px&#8220;][vc_row full_width=&#8220;stretch_row&#8220; content_placement=&#8220;middle&#8220; pix_particles_check=&#8220;&#8220; responsive_css=&#8220;{&#8222;pix_res_sm_pt&#8222;:&#8222;40&#8222;,&#8222;pix_res_sm_pb&#8222;:&#8222;40&#8222;,&#8222;pix_res_md_pt&#8222;:&#8222;40&#8222;,&#8222;pix_res_md_pb&#8222;:&#8222;40&#8222;}&#8220; css=&#8220;.vc_custom_1607913008261{padding-top: 80px !important;padding-bottom: 80px !important;}&#8220;][vc_column width=&#8220;1\/2&#8243; css=&#8220;.vc_custom_1636548382601{padding-top: 80px !important;padding-bottom: 80px !important;}&#8220;]<div id=\"highlighted-text-160200876\" class=\"text-left  vc_custom_1645361392458\"><h2 class=\"text-white\"  data-anim-type=\"\" data-anim-delay=\"0\"><span class=\"font-weight-normal  heading-font\">Gerechtigkeit ist die Grundlage des Eigentums!<\/span><\/h2><\/div><div class=\"pix-el-text slide-in-container w-100 text-right  vc_custom_1636548292252\" ><p class=\"text-sm  text-white text-right font-italic\" >Mustafa Kemal Atat\u00fcrk<\/p><\/div>[\/vc_column][vc_column width=&#8220;1\/2&#8243; content_align=&#8220;text-center&#8220;][\/vc_column][\/vc_row][\/vc_section][vc_section full_width=&#8220;stretch_row&#8220; pix_over_visibility=&#8220;&#8220; css=&#8220;.vc_custom_1607665774500{padding-top: 20px !important;padding-bottom: 20px !important;background-color: #ffffff !important;}&#8220; b_custom_height=&#8220;300px&#8220;][vc_row full_width=&#8220;stretch_row&#8220; content_placement=&#8220;middle&#8220; pix_particles_check=&#8220;&#8220;][vc_column width=&#8220;1\/2&#8243;]<div id=\"sliding-text-74867156\" class=\"mb-3 text-left \"><div class=\"d-inline-block\" style=\"max-width:400px;\"><h3 class=\"mb-32 pix-sliding-headline font-weight-bold secondary-font\" data-class=\"secondary-font text-heading-default\" data-style=\"\">Bereiche, in denen wir t\u00e4tig sind<\/h3><\/div><\/div>[\/vc_column][vc_column width=&#8220;1\/2&#8243;][\/vc_column][\/vc_row][vc_row full_width=&#8220;stretch_row&#8220; pix_particles_check=&#8220;&#8220; responsive_css=&#8220;{&#8222;pix_res_sm_pt&#8222;:&#8222;40&#8222;,&#8222;pix_res_sm_pb&#8222;:&#8222;20&#8222;,&#8222;pix_res_md_pt&#8222;:&#8222;40&#8222;,&#8222;pix_res_md_pb&#8222;:&#8222;20&#8222;}&#8220; css=&#8220;.vc_custom_1607916215002{padding-top: 60px !important;padding-bottom: 40px !important;}&#8220;][vc_column width=&#8220;1\/4&#8243; offset=&#8220;vc_col-md-3&#8243;]<div class=\"pix-content-box card      vc_custom_1607665981786    rounded-10 shadow-hover-lg fly pix-hover-item pix-dark-hover bg- w-100 overflow-hidden \"   ><div class=\"pix-hover-gradient-primary w-100 h-100 position-absolute d-inline-block\" style=\"z-index:0;top:0;left:0;\"><\/div><div class=\"\" style=\"z-index:30;position:relative;\"><div id=\"1607662016447-f160a90c-4de9\" class=\"pix-feature-el text-center  vc_custom_1645361446479\"><div class=\"d-inline-block animate-in\" data-anim-type=\"fade-in-up\" data-anim-delay=\"\" style=\"position:relative;text-align:center;\"><i style=\"display:inline-block;font-size:48px;line-height:48px;\" class=\"text-heading-default align-middle pixicon-users-2\"><\/i><\/div><h6 class=\"font-weight-bold  secondary-font text-heading-default animate-in\" style=\"padding-top:30px;\" data-anim-type=\"fade-in-up\" data-anim-delay=\"100\">Familiengesetz<\/h6><div class=\"text-text-gray text-18     animate-in\" style=\"padding-top:10px;\" data-anim-type=\"fade-in-up\" data-anim-delay=\"200\"><\/div><\/div><\/div><\/div>[\/vc_column][vc_column width=&#8220;1\/4&#8243; offset=&#8220;vc_col-md-3&#8243;]<div class=\"pix-content-box card      vc_custom_1607666057446    rounded-10 shadow-hover-lg fly pix-hover-item pix-dark-hover bg- w-100 overflow-hidden \"   ><div class=\"pix-hover-gradient-primary w-100 h-100 position-absolute d-inline-block\" style=\"z-index:0;top:0;left:0;\"><\/div><div class=\"\" style=\"z-index:30;position:relative;\"><div id=\"1607662021837-aa07f2b6-27cb\" class=\"pix-feature-el text-center  vc_custom_1645361454981\"><div class=\"d-inline-block animate-in\" data-anim-type=\"fade-in-up\" data-anim-delay=\"\" style=\"position:relative;text-align:center;\"><i style=\"display:inline-block;font-size:48px;line-height:48px;\" class=\"text-heading-default align-middle pixicon-laptop-1\"><\/i><\/div><h6 class=\"font-weight-bold  secondary-font text-heading-default animate-in\" style=\"padding-top:30px;\" data-anim-type=\"fade-in-up\" data-anim-delay=\"100\">IT-Recht<\/h6><div class=\"text-text-gray text-18     animate-in\" style=\"padding-top:10px;\" data-anim-type=\"fade-in-up\" data-anim-delay=\"200\"><\/div><\/div><\/div><\/div>[\/vc_column][vc_column width=&#8220;1\/4&#8243; offset=&#8220;vc_col-md-3&#8243;]<div class=\"pix-content-box card      vc_custom_1607666052527    rounded-10 shadow-hover-lg fly pix-hover-item pix-dark-hover bg- w-100 overflow-hidden \"   ><div class=\"pix-hover-gradient-primary w-100 h-100 position-absolute d-inline-block\" style=\"z-index:0;top:0;left:0;\"><\/div><div class=\"\" style=\"z-index:30;position:relative;\"><div id=\"1607662019557-07af2285-f66d\" class=\"pix-feature-el text-center  vc_custom_1645361463875\"><div class=\"d-inline-block animate-in\" data-anim-type=\"fade-in-up\" data-anim-delay=\"\" style=\"position:relative;text-align:center;\"><i style=\"display:inline-block;font-size:48px;line-height:48px;\" class=\"text-heading-default align-middle pixicon-books-iso-1\"><\/i><\/div><h6 class=\"font-weight-bold  secondary-font text-heading-default animate-in\" style=\"padding-top:30px;\" data-anim-type=\"fade-in-up\" data-anim-delay=\"100\">Strafrecht<\/h6><div class=\"text-text-gray text-18     animate-in\" style=\"padding-top:10px;\" data-anim-type=\"fade-in-up\" data-anim-delay=\"200\"><\/div><\/div><\/div><\/div>[\/vc_column][vc_column width=&#8220;1\/4&#8243; offset=&#8220;vc_col-md-3&#8243;]<div class=\"pix-content-box card      vc_custom_1607666061656    rounded-10 shadow-hover-lg fly pix-hover-item pix-dark-hover bg- w-100 overflow-hidden \"   ><div class=\"pix-hover-gradient-primary w-100 h-100 position-absolute d-inline-block\" style=\"z-index:0;top:0;left:0;\"><\/div><div class=\"\" style=\"z-index:30;position:relative;\"><div id=\"1607661950959-e48ee3b6-139d\" class=\"pix-feature-el text-center  vc_custom_1645361473421\"><div class=\"d-inline-block animate-in\" data-anim-type=\"fade-in-up\" data-anim-delay=\"\" style=\"position:relative;text-align:center;\"><i style=\"display:inline-block;font-size:48px;line-height:48px;\" class=\"text-heading-default align-middle pixicon-coins-hand\"><\/i><\/div><h6 class=\"font-weight-bold  secondary-font text-heading-default animate-in\" style=\"padding-top:30px;\" data-anim-type=\"fade-in-up\" data-anim-delay=\"100\">Verg\u00fctungsgesetz<\/h6><div class=\"text-text-gray text-18     animate-in\" style=\"padding-top:10px;\" data-anim-type=\"fade-in-up\" data-anim-delay=\"200\"><\/div><\/div><\/div><\/div>[\/vc_column][\/vc_row][\/vc_section][vc_section full_width=&#8220;stretch_row&#8220; pix_over_visibility=&#8220;&#8220; responsive_css=&#8220;{&#8222;pix_res_sm_pt&#8222;:&#8222;20&#8222;,&#8222;pix_res_sm_pb&#8222;:&#8222;20&#8222;,&#8222;pix_res_md_pt&#8222;:&#8222;20&#8222;,&#8222;pix_res_md_pb&#8222;:&#8222;20&#8222;}&#8220; css=&#8220;.vc_custom_1613187818509{padding-top: 30px !important;padding-bottom: 30px !important;background-color: #ffffff !important;}&#8220;][vc_row full_width=&#8220;stretch_row&#8220; content_placement=&#8220;middle&#8220; pix_particles_check=&#8220;&#8220; css=&#8220;.vc_custom_1607665707341{background-color: #ffffff !important;}&#8220;][vc_column responsive_css=&#8220;{&#8222;pix_res_sm_mr&#8222;:&#8222;0&#8222;,&#8222;pix_res_md_mr&#8222;:&#8222;0&#8222;}&#8220; offset=&#8220;vc_col-md-6&#8243;]<div class=\"card w-100 h-100 bg-heading-default bg-transparent  text-left w-100 d-inline-block pix-hover-item rounded-lg position-relative overflow-hidden text-white  text-left w-100 d-inline-block\"   ><img decoding=\"async\" src=\"https:\/\/celikavukatlik.com\/wp-content\/plugins\/pixfort-core\/functions\/images\/loading.webp\" data-srcset=\"https:\/\/celikavukatlik.com\/wp-content\/uploads\/2021\/10\/saphire-hakkimizda-296x300.png 296w, https:\/\/celikavukatlik.com\/wp-content\/uploads\/2021\/10\/saphire-hakkimizda-75x75.png 75w, https:\/\/celikavukatlik.com\/wp-content\/uploads\/2021\/10\/saphire-hakkimizda.png 442w\" data-src=\"https:\/\/celikavukatlik.com\/wp-content\/uploads\/2021\/10\/saphire-hakkimizda.png\" class=\"pix-lazy card-img pix-bg-image h-100 pix-img-scale pix-opacity-10 \" loading=\"lazy\" alt=\"\"><a href=\"\/de\/ueber-uns\/\"  class=\"card-img-overlay2 d-inline-block w-100 pix-img-overlay pix-p-10 d-flex align-items-end\" style=\"min-height:400px;\"><div class=\"w-100\"><\/div><\/a><\/div>[\/vc_column][vc_column css=&#8220;.vc_custom_1613187930387{padding-top: 15% !important;padding-right: 15% !important;padding-bottom: 15% !important;padding-left: 15% !important;border-radius: 10px !important;}&#8220; offset=&#8220;vc_col-md-6&#8243;]<div id=\"1607664135887-0775a926-1ae9\" class=\"media  vc_custom_1645361507336\"><div class=\"mr-3 feature_img \"   style=\"position:relative;text-align:center;\"><i style=\"display:inline-block;font-size:30px;min-width:30px;line-height:30px;\" class=\"text-primary align-middle pixicon-map-compass\"><\/i><\/div><div class=\"media-body\"><h6 class=\"font-weight-bold   text-heading-default  \" style=\"padding-top:8px;\"  >Wer sind wir?<\/h6><div class=\"text-text-gray text-20     \" style=\"\"  ><\/div><\/div><\/div><div id=\"highlighted-text-69422625\" class=\"text-left  vc_custom_1645361511899\"><h3 class=\"text-heading-default\"  data-anim-type=\"\" data-anim-delay=\"0\"><span class=\"font-weight-normal  heading-font\">Wer sind wir?<\/span><\/h3><\/div><div class=\"pix-el-text slide-in-container w-100   vc_custom_1645361523571\" ><p class=\"text-20  text-dark-opacity-5  \" >Unsere Anwaltskanzlei arbeitet mit Anw\u00e4lten im ganzen Land zusammen, insbesondere in Istanbul. Unsere Kanzlei ist eine Kooperation mit Rechtsanw\u00e4lten, die auf verschiedene Bereiche spezialisiert sind. Wir haben uns zum Ziel gesetzt, \u201ekundenorientierte Dienstleistungen\u201c zu erbringen.<\/p><\/div><a  href=\"https:\/\/celikavukatlik.com\/de\/ueber-uns\/\" class=\"btn mb-2     btn-link text-primary d-inline-block pix-hover-item  no-padding     btn-lg\"     ><span class=\"font-weight-bold \" >\u00dceber Uns<\/span> <i class=\"font-weight-bold pixicon-angle-circle-right  pix-hover-right  ml-1\"><\/i><\/a>[\/vc_column][\/vc_row][\/vc_section][vc_section full_width=&#8220;stretch_row&#8220; pix_over_visibility=&#8220;&#8220; top_divider=&#8220;&#8220; top_divider_color=&#8220;&#8220; css=&#8220;.vc_custom_1607917254427{padding-top: 60px !important;padding-bottom: 20px !important;background-color: #ffffff !important;}&#8220;][vc_row pix_particles_check=&#8220;&#8220;][vc_column offset=&#8220;vc_col-md-offset-3 vc_col-md-6&#8243;]<div class=\"pix-el-text slide-in-container w-100 text-center \" ><p class=\"  text-heading-default text-center font-weight-bold\" ><span class=\"animate-in d-inline-block\" data-anim-delay=\"400\" data-anim-type=\"fade-in-up\">Referanslar<\/span><\/p><\/div><div class=\"clients row  \"><div class=\"clearfix w-100 col-12\"><\/div><div class=\"col-md col-12 -4 fly-sm text-center client2 d-inline-block2 d-inline-flex client\"><div class=\"py-3 d-inline-block align-self-center w-100\" title=\"Ziraat Bankas\u0131\"><img loading=\"lazy\" decoding=\"async\" src=\"https:\/\/celikavukatlik.com\/wp-content\/uploads\/2021\/10\/ziraat-min.jpg\" width=\"139\" height=\"74\" class=\"animate-in\" alt=\"Ziraat Bankas\u0131\" data-anim-type=\"fade-in-up\" data-anim-delay=\"0\"><\/div><\/div><div class=\"col-md col-12 -4 fly-sm text-center client2 d-inline-block2 d-inline-flex client\"><div class=\"py-3 d-inline-block align-self-center w-100\" title=\"Vak\u0131f Bank\"><img loading=\"lazy\" decoding=\"async\" src=\"https:\/\/celikavukatlik.com\/wp-content\/uploads\/2021\/10\/vakifbank.jpg\" width=\"139\" height=\"74\" class=\"animate-in\" alt=\"Vak\u0131f Bank\" data-anim-type=\"fade-in-up\" data-anim-delay=\"200\"><\/div><\/div><div class=\"col-md col-12 -4 fly-sm text-center client2 d-inline-block2 d-inline-flex client\"><div class=\"py-3 d-inline-block align-self-center w-100\" title=\"Do\u011fa Koleji\"><img loading=\"lazy\" decoding=\"async\" src=\"https:\/\/celikavukatlik.com\/wp-content\/uploads\/2021\/10\/doga-min.jpg\" width=\"139\" height=\"74\" class=\"animate-in\" alt=\"Do\u011fa Koleji\" data-anim-type=\"fade-in-up\" data-anim-delay=\"400\"><\/div><\/div><div class=\"col-md col-12 -4 fly-sm text-center client2 d-inline-block2 d-inline-flex client\"><div class=\"py-3 d-inline-block align-self-center w-100\" title=\"Rubenis\"><img loading=\"lazy\" decoding=\"async\" src=\"https:\/\/celikavukatlik.com\/wp-content\/uploads\/2021\/10\/rubines.jpg\" width=\"139\" height=\"74\" class=\"animate-in\" alt=\"Rubenis\" data-anim-type=\"fade-in-up\" data-anim-delay=\"600\"><\/div><\/div><div class=\"clearfix w-100 col-12\"><\/div><div class=\"col-md col-12 -4 fly-sm text-center client2 d-inline-block2 d-inline-flex client\"><div class=\"py-3 d-inline-block align-self-center w-100\" title=\"S\u00fcmer Varl\u0131k\"><img loading=\"lazy\" decoding=\"async\" src=\"https:\/\/celikavukatlik.com\/wp-content\/uploads\/2021\/10\/sumer-varlik.jpg\" width=\"139\" height=\"74\" class=\"animate-in\" alt=\"S\u00fcmer Varl\u0131k\" data-anim-type=\"fade-in-up\" data-anim-delay=\"800\"><\/div><\/div><div class=\"col-md col-12 -4 fly-sm text-center client2 d-inline-block2 d-inline-flex client\"><div class=\"py-3 d-inline-block align-self-center w-100\" title=\"Akbey G\u00fcvenlik\"><img loading=\"lazy\" decoding=\"async\" src=\"https:\/\/celikavukatlik.com\/wp-content\/uploads\/2021\/10\/akbey-1.jpg\" width=\"139\" height=\"74\" class=\"animate-in\" alt=\"Akbey G\u00fcvenlik\" data-anim-type=\"fade-in-up\" data-anim-delay=\"1000\"><\/div><\/div><div class=\"col-md col-12 -4 fly-sm text-center client2 d-inline-block2 d-inline-flex client\"><div class=\"py-3 d-inline-block align-self-center w-100\" title=\"Arma Panel\"><img loading=\"lazy\" decoding=\"async\" src=\"https:\/\/celikavukatlik.com\/wp-content\/uploads\/2021\/10\/arma-panel-logo.jpg\" width=\"139\" height=\"74\" class=\"animate-in\" alt=\"Arma Panel\" data-anim-type=\"fade-in-up\" data-anim-delay=\"1200\"><\/div><\/div><div class=\"col-md col-12 -4 fly-sm text-center client2 d-inline-block2 d-inline-flex client\"><div class=\"py-3 d-inline-block align-self-center w-100\" title=\"Kokpit\"><img loading=\"lazy\" decoding=\"async\" src=\"https:\/\/celikavukatlik.com\/wp-content\/uploads\/2021\/10\/kokbit.jpg\" width=\"139\" height=\"74\" class=\"animate-in\" alt=\"Kokpit\" data-anim-type=\"fade-in-up\" data-anim-delay=\"1400\"><\/div><\/div><\/div>\n[\/vc_column][\/vc_row][\/vc_section][vc_section full_width=&#8220;stretch_row&#8220; pix_over_visibility=&#8220;&#8220; css=&#8220;.vc_custom_1635691042047{padding-top: 40px !important;padding-bottom: 40px !important;background-color: #ffffff !important;}&#8220;][vc_row full_width=&#8220;stretch_row&#8220; content_placement=&#8220;middle&#8220; pix_particles_check=&#8220;&#8220; css=&#8220;.vc_custom_1607665707341{background-color: #ffffff !important;}&#8220;][vc_column width=&#8220;1\/2&#8243; responsive_css=&#8220;{&#8222;pix_res_sm_pt&#8222;:&#8222;20&#8222;,&#8222;pix_res_sm_pr&#8222;:&#8222;20&#8222;,&#8222;pix_res_sm_pb&#8222;:&#8222;20&#8222;,&#8222;pix_res_sm_pl&#8222;:&#8222;20&#8222;,&#8222;pix_res_sm_mr&#8222;:&#8222;0&#8222;,&#8222;pix_res_sm_ml&#8222;:&#8222;0&#8222;,&#8222;pix_res_md_pt&#8222;:&#8222;20&#8222;,&#8222;pix_res_md_pr&#8222;:&#8222;20&#8222;,&#8222;pix_res_md_pb&#8222;:&#8222;20&#8222;,&#8222;pix_res_md_pl&#8222;:&#8222;20&#8222;,&#8222;pix_res_md_mr&#8222;:&#8222;0&#8222;,&#8222;pix_res_md_ml&#8222;:&#8222;0&#8222;}&#8220; css=&#8220;.vc_custom_1610073539463{margin-left: 20px !important;border-top-width: 2px !important;border-right-width: 2px !important;border-bottom-width: 2px !important;border-left-width: 2px !important;padding-top: 10% !important;padding-right: 20% !important;padding-bottom: 10% !important;padding-left: 10% !important;border-left-color: rgba(0,0,0,0.1) !important;border-left-style: dashed !important;border-right-color: rgba(0,0,0,0.1) !important;border-right-style: dashed !important;border-top-color: rgba(0,0,0,0.1) !important;border-top-style: dashed !important;border-bottom-color: rgba(0,0,0,0.1) !important;border-bottom-style: dashed !important;border-radius: 10px !important;}&#8220;]<div id=\"1609296259000-69b018b3-e64b\" class=\"pix-feature-el text-left  vc_custom_1645361616301\"><div class=\"d-inline-block animate-in\" data-anim-type=\"fade-in-up\" data-anim-delay=\"\" style=\"position:relative;text-align:center;\"><i style=\"display:inline-block;font-size:40px;line-height:40px;\" class=\"text-primary align-middle pixicon-justice-2\"><\/i><\/div><h3 class=\"font-weight-bold   text-heading-default animate-in\" style=\"padding-top:20px;\" data-anim-type=\"fade-in-up\" data-anim-delay=\"100\">Rechtsberatungsdienste<\/h3><div class=\"text-body-default text-sm     animate-in\" style=\"padding-top:15px;\" data-anim-type=\"fade-in-up\" data-anim-delay=\"200\">Sie erbringt Rechtsberatungsleistungen bei der gesetzeskonformen Durchf\u00fchrung aller Arten von Gesch\u00e4ften und Transaktionen der Mandantenunternehmen, der Beilegung von Rechtsstreitigkeiten unserer Mandanten, der rechtlichen Durchf\u00fchrung aller Arten von Prozessen von der Gr\u00fcndung bis zur Liquidation von die Unternehmen.<\/div><\/div>[\/vc_column][vc_column width=&#8220;1\/2&#8243; responsive_css=&#8220;{&#8222;pix_res_sm_mr&#8222;:&#8222;0&#8222;,&#8222;pix_res_sm_ml&#8222;:&#8222;0&#8222;,&#8222;pix_res_md_mr&#8222;:&#8222;0&#8222;,&#8222;pix_res_md_ml&#8222;:&#8222;0&#8222;}&#8220; css=&#8220;.vc_custom_1610079269902{margin-top: 40px !important;margin-left: -15% !important;}&#8220;]<div class=\"d-inline-block \" ><div class=\"pix-img-el  vc_custom_1636547924236   shadow-inverse-lg shadow-inverse-hover-lg scale-inverse-sm text-center d-inline-block  w-100 rounded-xl\"  ><img loading=\"lazy\" decoding=\"async\" class=\"card-img2 pix-img-elem rounded-xl  h-1002\" style=\"height:auto;\" width=\"700\" height=\"410\" srcset=\"https:\/\/celikavukatlik.com\/wp-content\/uploads\/2021\/11\/hukuki-danismanlik-min.jpg 700w, https:\/\/celikavukatlik.com\/wp-content\/uploads\/2021\/11\/hukuki-danismanlik-min-300x176.jpg 300w\" sizes=\"auto, (max-width: 700px) 100vw, 700px\" src=\"https:\/\/celikavukatlik.com\/wp-content\/uploads\/2021\/11\/hukuki-danismanlik-min.jpg\" alt=\"\" \/><\/div><\/div>[\/vc_column][\/vc_row][\/vc_section]","protected":false},"excerpt":{"rendered":"[vc_section full_width=&#8220;stretch_row&#8220; pix_over_visibility=&#8220;&#8220; t_flip_h=&#8220;true&#8220; responsive_css=&#8220;{&#8222;pix_res_sm_pt&#8222;:&#8222;20&#8222;,&#8222;pix_res_sm_pb&#8222;:&#8222;20&#8222;,&#8222;pix_res_md_pt&#8222;:&#8222;40&#8222;,&#8222;pix_res_md_pb&#8222;:&#8222;40&#8222;}&#8220; css=&#8220;.vc_custom_1636548363860{padding-top: 30px !important;padding-bottom: 30px !important;background-image: url(https:\/\/celikavukatlik.com\/wp-content\/uploads\/2021\/11\/celikavukat-side.jpg?id=7899) !important;}&#8220; t_custom_height=&#8220;200px&#8220; b_custom_height=&#8220;300px&#8220;][vc_row full_width=&#8220;stretch_row&#8220; content_placement=&#8220;middle&#8220; pix_particles_check=&#8220;&#8220; responsive_css=&#8220;{&#8222;pix_res_sm_pt&#8222;:&#8222;40&#8222;,&#8222;pix_res_sm_pb&#8222;:&#8222;40&#8222;,&#8222;pix_res_md_pt&#8222;:&#8222;40&#8222;,&#8222;pix_res_md_pb&#8222;:&#8222;40&#8222;}&#8220; css=&#8220;.vc_custom_1607913008261{padding-top: 80px !important;padding-bottom: 80px !important;}&#8220;][vc_column width=&#8220;1\/2&#8243; css=&#8220;.vc_custom_1636548382601{padding-top: 80px !important;padding-bottom: 80px !important;}&#8220;][\/vc_column][vc_column width=&#8220;1\/2&#8243; content_align=&#8220;text-center&#8220;][\/vc_column][\/vc_row][\/vc_section][vc_section full_width=&#8220;stretch_row&#8220; pix_over_visibility=&#8220;&#8220; css=&#8220;.vc_custom_1607665774500{padding-top: 20px !important;padding-bottom: 20px !important;background-color: #ffffff !important;}&#8220;&#8230;","protected":false},"author":1,"featured_media":0,"parent":0,"menu_order":0,"comment_status":"closed","ping_status":"closed","template":"","meta":{"footnotes":""},"class_list":["post-8263","page","type-page","status-publish","hentry"],"yoast_head":"<!-- This site is optimized with the Yoast SEO plugin v24.3 - https:\/\/yoast.com\/wordpress\/plugins\/seo\/ -->\n<title>\u00c7elik Avukatl\u0131k ve Hukuk B\u00fcrosu<\/title>\n<meta name=\"description\" content=\"\u00c7elik Avukatl\u0131k B\u00fcrosu, Hukuki faaliyetler bak\u0131m\u0131ndan belirli alanlarda ihtisasla\u015fmay\u0131 ilke edinmi\u015f, &quot;m\u00fcvekkil odakl\u0131&quot; hukuk ve avukatl\u0131k hizmeti vermektedir\" \/>\n<meta name=\"robots\" content=\"index, follow, max-snippet:-1, max-image-preview:large, max-video-preview:-1\" \/>\n<meta property=\"og:locale\" content=\"de_DE\" \/>\n<meta property=\"og:type\" content=\"article\" \/>\n<meta property=\"og:title\" content=\"\u00c7elik Avukatl\u0131k ve Hukuk B\u00fcrosu\" \/>\n<meta property=\"og:description\" content=\"\u00c7elik Avukatl\u0131k B\u00fcrosu, Hukuki faaliyetler bak\u0131m\u0131ndan belirli alanlarda ihtisasla\u015fmay\u0131 ilke edinmi\u015f, &quot;m\u00fcvekkil odakl\u0131&quot; hukuk ve avukatl\u0131k hizmeti vermektedir\" \/>\n<meta property=\"og:url\" content=\"https:\/\/celikavukatlik.com\/de\/\" \/>\n<meta property=\"og:site_name\" content=\"\u00c7elik Avukatl\u0131k\" \/>\n<meta property=\"article:modified_time\" content=\"2022-02-20T12:53:46+00:00\" \/>\n<meta name=\"twitter:card\" content=\"summary_large_image\" \/>\n<meta name=\"twitter:label1\" content=\"Gesch\u00e4tzte Lesezeit\" \/>\n\t<meta name=\"twitter:data1\" content=\"3\u00a0Minuten\" \/>\n<script type=\"application\/ld+json\" class=\"yoast-schema-graph\">{\"@context\":\"https:\/\/schema.org\",\"@graph\":[{\"@type\":\"WebPage\",\"@id\":\"https:\/\/celikavukatlik.com\/de\/\",\"url\":\"https:\/\/celikavukatlik.com\/de\/\",\"name\":\"\u00c7elik Avukatl\u0131k ve Hukuk B\u00fcrosu\",\"isPartOf\":{\"@id\":\"https:\/\/celikavukatlik.com\/#website\"},\"datePublished\":\"2020-12-11T01:42:29+00:00\",\"dateModified\":\"2022-02-20T12:53:46+00:00\",\"description\":\"\u00c7elik Avukatl\u0131k B\u00fcrosu, Hukuki faaliyetler bak\u0131m\u0131ndan belirli alanlarda ihtisasla\u015fmay\u0131 ilke edinmi\u015f, \\\"m\u00fcvekkil odakl\u0131\\\" hukuk ve avukatl\u0131k hizmeti vermektedir\",\"inLanguage\":\"de\",\"potentialAction\":[{\"@type\":\"ReadAction\",\"target\":[\"https:\/\/celikavukatlik.com\/de\/\"]}]},{\"@type\":\"WebSite\",\"@id\":\"https:\/\/celikavukatlik.com\/#website\",\"url\":\"https:\/\/celikavukatlik.com\/\",\"name\":\"\u00c7elik Avukatl\u0131k\",\"description\":\"\",\"potentialAction\":[{\"@type\":\"SearchAction\",\"target\":{\"@type\":\"EntryPoint\",\"urlTemplate\":\"https:\/\/celikavukatlik.com\/?s={search_term_string}\"},\"query-input\":{\"@type\":\"PropertyValueSpecification\",\"valueRequired\":true,\"valueName\":\"search_term_string\"}}],\"inLanguage\":\"de\"}]}<\/script>\n<!-- \/ Yoast SEO plugin. -->","yoast_head_json":{"title":"\u00c7elik Avukatl\u0131k ve Hukuk B\u00fcrosu","description":"\u00c7elik Avukatl\u0131k B\u00fcrosu, Hukuki faaliyetler bak\u0131m\u0131ndan belirli alanlarda ihtisasla\u015fmay\u0131 ilke edinmi\u015f, \"m\u00fcvekkil odakl\u0131\" hukuk ve avukatl\u0131k hizmeti vermektedir","robots":{"index":"index","follow":"follow","max-snippet":"max-snippet:-1","max-image-preview":"max-image-preview:large","max-video-preview":"max-video-preview:-1"},"og_locale":"de_DE","og_type":"article","og_title":"\u00c7elik Avukatl\u0131k ve Hukuk B\u00fcrosu","og_description":"\u00c7elik Avukatl\u0131k B\u00fcrosu, Hukuki faaliyetler bak\u0131m\u0131ndan belirli alanlarda ihtisasla\u015fmay\u0131 ilke edinmi\u015f, \"m\u00fcvekkil odakl\u0131\" hukuk ve avukatl\u0131k hizmeti vermektedir","og_url":"https:\/\/celikavukatlik.com\/de\/","og_site_name":"\u00c7elik Avukatl\u0131k","article_modified_time":"2022-02-20T12:53:46+00:00","twitter_card":"summary_large_image","twitter_misc":{"Gesch\u00e4tzte Lesezeit":"3\u00a0Minuten"},"schema":{"@context":"https:\/\/schema.org","@graph":[{"@type":"WebPage","@id":"https:\/\/celikavukatlik.com\/de\/","url":"https:\/\/celikavukatlik.com\/de\/","name":"\u00c7elik Avukatl\u0131k ve Hukuk B\u00fcrosu","isPartOf":{"@id":"https:\/\/celikavukatlik.com\/#website"},"datePublished":"2020-12-11T01:42:29+00:00","dateModified":"2022-02-20T12:53:46+00:00","description":"\u00c7elik Avukatl\u0131k B\u00fcrosu, Hukuki faaliyetler bak\u0131m\u0131ndan belirli alanlarda ihtisasla\u015fmay\u0131 ilke edinmi\u015f, \"m\u00fcvekkil odakl\u0131\" hukuk ve avukatl\u0131k hizmeti vermektedir","inLanguage":"de","potentialAction":[{"@type":"ReadAction","target":["https:\/\/celikavukatlik.com\/de\/"]}]},{"@type":"WebSite","@id":"https:\/\/celikavukatlik.com\/#website","url":"https:\/\/celikavukatlik.com\/","name":"\u00c7elik Avukatl\u0131k","description":"","potentialAction":[{"@type":"SearchAction","target":{"@type":"EntryPoint","urlTemplate":"https:\/\/celikavukatlik.com\/?s={search_term_string}"},"query-input":{"@type":"PropertyValueSpecification","valueRequired":true,"valueName":"search_term_string"}}],"inLanguage":"de"}]}},"_links":{"self":[{"href":"https:\/\/celikavukatlik.com\/de\/wp-json\/wp\/v2\/pages\/8263","targetHints":{"allow":["GET"]}}],"collection":[{"href":"https:\/\/celikavukatlik.com\/de\/wp-json\/wp\/v2\/pages"}],"about":[{"href":"https:\/\/celikavukatlik.com\/de\/wp-json\/wp\/v2\/types\/page"}],"author":[{"embeddable":true,"href":"https:\/\/celikavukatlik.com\/de\/wp-json\/wp\/v2\/users\/1"}],"replies":[{"embeddable":true,"href":"https:\/\/celikavukatlik.com\/de\/wp-json\/wp\/v2\/comments?post=8263"}],"version-history":[{"count":3,"href":"https:\/\/celikavukatlik.com\/de\/wp-json\/wp\/v2\/pages\/8263\/revisions"}],"predecessor-version":[{"id":8474,"href":"https:\/\/celikavukatlik.com\/de\/wp-json\/wp\/v2\/pages\/8263\/revisions\/8474"}],"wp:attachment":[{"href":"https:\/\/celikavukatlik.com\/de\/wp-json\/wp\/v2\/media?parent=8263"}],"curies":[{"name":"wp","href":"https:\/\/api.w.org\/{rel}","templated":true}]}}