{"id":8429,"date":"2021-10-28T20:34:08","date_gmt":"2021-10-28T17:34:08","guid":{"rendered":"https:\/\/celikavukatlik.com\/kariyer\/"},"modified":"2022-02-20T15:06:13","modified_gmt":"2022-02-20T12:06:13","slug":"karriere","status":"publish","type":"page","link":"https:\/\/celikavukatlik.com\/de\/karriere\/","title":{"rendered":"Karriere"},"content":{"rendered":"[vc_row pix_particles_check=&#8220;&#8220; css=&#8220;.vc_custom_1635442573772{margin-top: 50px !important;}&#8220;][vc_column width=&#8220;1\/2&#8243;][vc_single_image image=&#8220;3583&#8243; img_size=&#8220;full&#8220;][vc_column_text]\r\n<ul class=\"dot-yellow\">\r\n \t<li>Ein erfolgreicher Lebenslauf,<\/li>\r\n \t<li>Beherrschung der englischen Sprache in Schift und Laut,<\/li>\r\n \t<li>Offenheit f\u00fcr Ver\u00e4nderung und Neuheiten,<\/li>\r\n \t<li>L\u00f6sungsorientiertes Arbeiten,<\/li>\r\n \t<li>F\u00e4higkeit zur Teamarbeit in einer dynamischen Kanzlei,<\/li>\r\n \t<li>Vorzugsweise weitere Fremdsprachen<\/li>\r\n<\/ul>\r\n[\/vc_column_text][\/vc_column][vc_column width=&#8220;1\/2&#8243;]\n<div class=\"wpcf7 no-js\" id=\"wpcf7-f8408-o1\" lang=\"tr-TR\" dir=\"ltr\" data-wpcf7-id=\"8408\">\n<div class=\"screen-reader-response\"><p role=\"status\" aria-live=\"polite\" aria-atomic=\"true\"><\/p> <ul><\/ul><\/div>\n<form action=\"\/de\/wp-json\/wp\/v2\/pages\/8429#wpcf7-f8408-o1\" method=\"post\" class=\"wpcf7-form init\" aria-label=\"\u0130leti\u015fim Formu\" enctype=\"multipart\/form-data\" novalidate=\"novalidate\" data-status=\"init\">\n<div style=\"display: none;\">\n<input type=\"hidden\" name=\"_wpcf7\" value=\"8408\" \/>\n<input type=\"hidden\" name=\"_wpcf7_version\" value=\"6.0.3\" \/>\n<input type=\"hidden\" name=\"_wpcf7_locale\" value=\"tr_TR\" \/>\n<input type=\"hidden\" name=\"_wpcf7_unit_tag\" value=\"wpcf7-f8408-o1\" \/>\n<input type=\"hidden\" name=\"_wpcf7_container_post\" value=\"0\" \/>\n<input type=\"hidden\" name=\"_wpcf7_posted_data_hash\" value=\"\" \/>\n<\/div>\n<div class=\"pix-contact7-form\"><div class=\"row\">\n\t<div class=\"col-lg-12\">\n\t\t<p><label class=\"w-100\">Name<br \/>\n<span class=\"wpcf7-form-control-wrap\" data-name=\"your-name\"><input size=\"40\" maxlength=\"400\" class=\"wpcf7-form-control wpcf7-text wpcf7-validates-as-required pix-my-5 shadow-0 bg-gray-1 form-control\" aria-required=\"true\" aria-invalid=\"false\" placeholder=\"Name\" value=\"\" type=\"text\" name=\"your-name\" \/><\/span><\/label>\n\t\t<\/p>\n\t<\/div>\n\t<div class=\"col-lg-12\">\n\t\t<p><label class=\"w-100\">E-Mail*<br \/>\n<span class=\"wpcf7-form-control-wrap\" data-name=\"your-email\"><input size=\"40\" maxlength=\"400\" class=\"wpcf7-form-control wpcf7-email wpcf7-validates-as-required wpcf7-text wpcf7-validates-as-email pix-my-5 shadow-0 bg-gray-1 form-control\" aria-required=\"true\" aria-invalid=\"false\" placeholder=\"email@celikavukatlik.com\" value=\"\" type=\"email\" name=\"your-email\" \/><\/span><\/label>\n\t\t<\/p>\n\t<\/div>\n\t<div class=\"col-lg-12\">\n\t\t<p><label class=\"w-100\">Phone*<br \/>\n<span class=\"wpcf7-form-control-wrap\" data-name=\"telefon\"><input size=\"40\" maxlength=\"400\" class=\"wpcf7-form-control wpcf7-tel wpcf7-validates-as-required wpcf7-text wpcf7-validates-as-tel pix-my-5 shadow-0 bg-gray-1 form-control\" aria-required=\"true\" aria-invalid=\"false\" placeholder=\"0555 555 55 55\" value=\"\" type=\"tel\" name=\"telefon\" \/><\/span><\/label>\n\t\t<\/p>\n\t<\/div>\n\t<div class=\"col-lg-12\">\n\t\t<p><label class=\"w-100\">Bereich*<br \/>\n<span class=\"wpcf7-form-control-wrap\" data-name=\"faaliyetalani\"><select class=\"wpcf7-form-control wpcf7-select pix-my-5 shadow-0 bg-gray-1 form-control\" aria-invalid=\"false\" name=\"faaliyetalani\"><option value=\"Choose\">Choose<\/option><option value=\"Lawyer\">Lawyer<\/option><option value=\"Trainee Lawyer\">Trainee Lawyer<\/option><option value=\"Executive Collection Person\">Executive Collection Person<\/option><option value=\"Executive Follow-up Person\">Executive Follow-up Person<\/option><option value=\"Assistant\">Assistant<\/option><\/select><\/span><\/label>\n\t\t<\/p>\n\t<\/div>\n\t<div class=\"col-12\">\n\t\t<p><label class=\"w-100\">Nachricht<span class=\"wpcf7-form-control-wrap\" data-name=\"your-message\"><textarea cols=\"40\" rows=\"4\" maxlength=\"2000\" class=\"wpcf7-form-control wpcf7-textarea wpcf7-validates-as-required pix-my-5 shadow-0 bg-gray-1 form-control\" aria-required=\"true\" aria-invalid=\"false\" placeholder=\"Message\" name=\"your-message\"><\/textarea><\/span><\/label>\n\t\t<\/p>\n\t<\/div>\n\t<div class=\"col-12\">\n\t\t<p><label class=\"w-100\"><span class=\"wpcf7-form-control-wrap\" data-name=\"cv\"><input size=\"40\" class=\"wpcf7-form-control wpcf7-file pix-my-5 shadow-0 bg-gray-1\" accept=\"audio\/*,video\/*,image\/*\" aria-invalid=\"false\" type=\"file\" name=\"cv\" \/><\/span><\/label>\n\t\t<\/p>\n\t<\/div>\n<\/div>\n<p><input class=\"wpcf7-form-control wpcf7-submit has-spinner btn btn-blue text-white w-100 pix-mt-10 font-weight-bold btn-lg shadow-hover\" type=\"submit\" value=\"Schicken\" \/>\n<\/p><\/div><p style=\"display: none !important;\" class=\"akismet-fields-container\" data-prefix=\"_wpcf7_ak_\"><label>&#916;<textarea name=\"_wpcf7_ak_hp_textarea\" cols=\"45\" rows=\"8\" maxlength=\"100\"><\/textarea><\/label><input type=\"hidden\" id=\"ak_js_1\" name=\"_wpcf7_ak_js\" value=\"32\"\/><script>document.getElementById( \"ak_js_1\" ).setAttribute( \"value\", ( new Date() ).getTime() );<\/script><\/p><div class=\"wpcf7-response-output\" aria-hidden=\"true\"><\/div>\n<\/form>\n<\/div>\n[\/vc_column][\/vc_row]","protected":false},"excerpt":{"rendered":"[vc_row pix_particles_check=&#8220;&#8220; css=&#8220;.vc_custom_1635442573772{margin-top: 50px !important;}&#8220;][vc_column width=&#8220;1\/2&#8243;][vc_single_image image=&#8220;3583&#8243; img_size=&#8220;full&#8220;][vc_column_text] Ein erfolgreicher Lebenslauf, Beherrschung der englischen Sprache in Schift und Laut, Offenheit f\u00fcr Ver\u00e4nderung und Neuheiten, L\u00f6sungsorientiertes Arbeiten, F\u00e4higkeit zur Teamarbeit in einer dynamischen Kanzlei, Vorzugsweise weitere Fremdsprachen [\/vc_column_text][\/vc_column][vc_column width=&#8220;1\/2&#8243;][\/vc_column][\/vc_row]","protected":false},"author":1,"featured_media":0,"parent":0,"menu_order":0,"comment_status":"closed","ping_status":"closed","template":"","meta":{"footnotes":""},"class_list":["post-8429","page","type-page","status-publish","hentry"],"yoast_head":"<!-- This site is optimized with the Yoast SEO plugin v24.3 - https:\/\/yoast.com\/wordpress\/plugins\/seo\/ -->\n<title>Karriere - \u00c7elik Avukatl\u0131k<\/title>\n<meta name=\"description\" content=\"Ein erfolgreicher Lebenslauf, Beherrschung der englischen Sprache in Schift und Laut, Offenheit f\u00fcr Ver\u00e4nderung und Neuheiten, L\u00f6sungsorientiertes\" \/>\n<meta name=\"robots\" content=\"index, follow, max-snippet:-1, max-image-preview:large, max-video-preview:-1\" \/>\n<meta property=\"og:locale\" content=\"de_DE\" \/>\n<meta property=\"og:type\" content=\"article\" \/>\n<meta property=\"og:title\" content=\"Karriere - \u00c7elik Avukatl\u0131k\" \/>\n<meta property=\"og:description\" content=\"Ein erfolgreicher Lebenslauf, Beherrschung der englischen Sprache in Schift und Laut, Offenheit f\u00fcr Ver\u00e4nderung und Neuheiten, L\u00f6sungsorientiertes\" \/>\n<meta property=\"og:url\" content=\"https:\/\/celikavukatlik.com\/de\/karriere\/\" \/>\n<meta property=\"og:site_name\" content=\"\u00c7elik Avukatl\u0131k\" \/>\n<meta property=\"article:modified_time\" content=\"2022-02-20T12:06:13+00:00\" \/>\n<meta name=\"twitter:card\" content=\"summary_large_image\" \/>\n<meta name=\"twitter:label1\" content=\"Gesch\u00e4tzte Lesezeit\" \/>\n\t<meta name=\"twitter:data1\" content=\"1\u00a0Minute\" \/>\n<script type=\"application\/ld+json\" class=\"yoast-schema-graph\">{\"@context\":\"https:\/\/schema.org\",\"@graph\":[{\"@type\":\"WebPage\",\"@id\":\"https:\/\/celikavukatlik.com\/de\/karriere\/\",\"url\":\"https:\/\/celikavukatlik.com\/de\/karriere\/\",\"name\":\"Karriere - \u00c7elik Avukatl\u0131k\",\"isPartOf\":{\"@id\":\"https:\/\/celikavukatlik.com\/#website\"},\"datePublished\":\"2021-10-28T17:34:08+00:00\",\"dateModified\":\"2022-02-20T12:06:13+00:00\",\"description\":\"Ein erfolgreicher Lebenslauf, Beherrschung der englischen Sprache in Schift und Laut, Offenheit f\u00fcr Ver\u00e4nderung und Neuheiten, L\u00f6sungsorientiertes\",\"inLanguage\":\"de\",\"potentialAction\":[{\"@type\":\"ReadAction\",\"target\":[\"https:\/\/celikavukatlik.com\/de\/karriere\/\"]}]},{\"@type\":\"WebSite\",\"@id\":\"https:\/\/celikavukatlik.com\/#website\",\"url\":\"https:\/\/celikavukatlik.com\/\",\"name\":\"\u00c7elik Avukatl\u0131k\",\"description\":\"\",\"potentialAction\":[{\"@type\":\"SearchAction\",\"target\":{\"@type\":\"EntryPoint\",\"urlTemplate\":\"https:\/\/celikavukatlik.com\/?s={search_term_string}\"},\"query-input\":{\"@type\":\"PropertyValueSpecification\",\"valueRequired\":true,\"valueName\":\"search_term_string\"}}],\"inLanguage\":\"de\"}]}<\/script>\n<!-- \/ Yoast SEO plugin. -->","yoast_head_json":{"title":"Karriere - \u00c7elik Avukatl\u0131k","description":"Ein erfolgreicher Lebenslauf, Beherrschung der englischen Sprache in Schift und Laut, Offenheit f\u00fcr Ver\u00e4nderung und Neuheiten, L\u00f6sungsorientiertes","robots":{"index":"index","follow":"follow","max-snippet":"max-snippet:-1","max-image-preview":"max-image-preview:large","max-video-preview":"max-video-preview:-1"},"og_locale":"de_DE","og_type":"article","og_title":"Karriere - \u00c7elik Avukatl\u0131k","og_description":"Ein erfolgreicher Lebenslauf, Beherrschung der englischen Sprache in Schift und Laut, Offenheit f\u00fcr Ver\u00e4nderung und Neuheiten, L\u00f6sungsorientiertes","og_url":"https:\/\/celikavukatlik.com\/de\/karriere\/","og_site_name":"\u00c7elik Avukatl\u0131k","article_modified_time":"2022-02-20T12:06:13+00:00","twitter_card":"summary_large_image","twitter_misc":{"Gesch\u00e4tzte Lesezeit":"1\u00a0Minute"},"schema":{"@context":"https:\/\/schema.org","@graph":[{"@type":"WebPage","@id":"https:\/\/celikavukatlik.com\/de\/karriere\/","url":"https:\/\/celikavukatlik.com\/de\/karriere\/","name":"Karriere - \u00c7elik Avukatl\u0131k","isPartOf":{"@id":"https:\/\/celikavukatlik.com\/#website"},"datePublished":"2021-10-28T17:34:08+00:00","dateModified":"2022-02-20T12:06:13+00:00","description":"Ein erfolgreicher Lebenslauf, Beherrschung der englischen Sprache in Schift und Laut, Offenheit f\u00fcr Ver\u00e4nderung und Neuheiten, L\u00f6sungsorientiertes","inLanguage":"de","potentialAction":[{"@type":"ReadAction","target":["https:\/\/celikavukatlik.com\/de\/karriere\/"]}]},{"@type":"WebSite","@id":"https:\/\/celikavukatlik.com\/#website","url":"https:\/\/celikavukatlik.com\/","name":"\u00c7elik Avukatl\u0131k","description":"","potentialAction":[{"@type":"SearchAction","target":{"@type":"EntryPoint","urlTemplate":"https:\/\/celikavukatlik.com\/?s={search_term_string}"},"query-input":{"@type":"PropertyValueSpecification","valueRequired":true,"valueName":"search_term_string"}}],"inLanguage":"de"}]}},"_links":{"self":[{"href":"https:\/\/celikavukatlik.com\/de\/wp-json\/wp\/v2\/pages\/8429","targetHints":{"allow":["GET"]}}],"collection":[{"href":"https:\/\/celikavukatlik.com\/de\/wp-json\/wp\/v2\/pages"}],"about":[{"href":"https:\/\/celikavukatlik.com\/de\/wp-json\/wp\/v2\/types\/page"}],"author":[{"embeddable":true,"href":"https:\/\/celikavukatlik.com\/de\/wp-json\/wp\/v2\/users\/1"}],"replies":[{"embeddable":true,"href":"https:\/\/celikavukatlik.com\/de\/wp-json\/wp\/v2\/comments?post=8429"}],"version-history":[{"count":2,"href":"https:\/\/celikavukatlik.com\/de\/wp-json\/wp\/v2\/pages\/8429\/revisions"}],"predecessor-version":[{"id":8432,"href":"https:\/\/celikavukatlik.com\/de\/wp-json\/wp\/v2\/pages\/8429\/revisions\/8432"}],"wp:attachment":[{"href":"https:\/\/celikavukatlik.com\/de\/wp-json\/wp\/v2\/media?parent=8429"}],"curies":[{"name":"wp","href":"https:\/\/api.w.org\/{rel}","templated":true}]}}