{"id":8433,"date":"2022-02-20T15:24:38","date_gmt":"2022-02-20T12:24:38","guid":{"rendered":"https:\/\/celikavukatlik.com\/hakkimizda\/"},"modified":"2022-02-20T15:30:17","modified_gmt":"2022-02-20T12:30:17","slug":"ueber-uns","status":"publish","type":"page","link":"https:\/\/celikavukatlik.com\/de\/ueber-uns\/","title":{"rendered":"\u00dcber Uns"},"content":{"rendered":"[vc_section full_width=&#8220;stretch_row&#8220; pix_over_visibility=&#8220;&#8220; bottom_divider_select=&#8220;8&#8243; b_has_animation=&#8220;true&#8220; b_2_color=&#8220;rgba(255,255,255,0.01)&#8220; b_3_is_gradient=&#8220;true&#8220; b_3_color=&#8220;rgba(0,0,0,0.08)&#8220; b_3_color_2=&#8220;rgba(255,255,255,0.01)&#8220; b_3_animation=&#8220;fade-in-up&#8220; top_divider_select=&#8220;8&#8243; t_has_animation=&#8220;true&#8220; t_1_color=&#8220;rgba(152,214,98,0.01)&#8220; t_2_color=&#8220;&#8220; t_3_color=&#8220;rgba(255,255,255,0.1)&#8220; t_3_animation=&#8220;fade-in-down&#8220; t_flip_h=&#8220;true&#8220; pix_overlay_color=&#8220;gray-1&#8243; responsive_css=&#8220;{&#8222;pix_res_sm_pt&#8222;:&#8222;20&#8222;,&#8222;pix_res_sm_pb&#8222;:&#8222;20&#8222;,&#8222;pix_res_md_pt&#8222;:&#8222;40&#8222;,&#8222;pix_res_md_pb&#8222;:&#8222;40&#8222;}&#8220; css=&#8220;.vc_custom_1613616369268{padding-top: 80px !important;padding-bottom: 80px !important;}&#8220; t_custom_height=&#8220;200px&#8220; b_custom_height=&#8220;300px&#8220; pix_overlay_opacity=&#8220;1&#8243; b_3_delay=&#8220;300&#8243; t_3_delay=&#8220;150&#8243;][vc_row full_width=&#8220;stretch_row&#8220; content_placement=&#8220;middle&#8220; pix_particles_check=&#8220;&#8220; responsive_css=&#8220;{&#8222;pix_res_sm_pt&#8222;:&#8222;40&#8222;,&#8222;pix_res_sm_pb&#8222;:&#8222;40&#8222;,&#8222;pix_res_md_pt&#8222;:&#8222;40&#8222;,&#8222;pix_res_md_pb&#8222;:&#8222;40&#8222;}&#8220;][vc_column width=&#8220;1\/2&#8243; responsive_css=&#8220;{&#8222;pix_res_sm_pt&#8222;:&#8222;20&#8222;,&#8222;pix_res_sm_pb&#8222;:&#8222;20&#8222;,&#8222;pix_res_md_pt&#8222;:&#8222;20&#8222;,&#8222;pix_res_md_pb&#8222;:&#8222;20&#8222;}&#8220; css=&#8220;.vc_custom_1613616585471{padding-top: 80px !important;padding-bottom: 80px !important;}&#8220;]<div id=\"highlighted-text-136496227\" class=\"text-left  vc_custom_1645360042583\"><h2 class=\"text-heading-default\"  data-anim-type=\"\" data-anim-delay=\"0\"><span class=\"font-weight-normal  heading-font\">RECHTSANWALTSKANZLE\u0130 \u00c7EL\u0130K<\/span><\/h2><\/div><div class=\"pix-el-text slide-in-container w-100   vc_custom_1645360049236\" ><p class=\"text-20  text-dark-opacity-5  \" >\u201cUnsere Kanzlei wurde im Jahr 2012 von Rechtsanwalt Bilal \u00c7elik gegr\u00fcndet. Seit der Gr\u00fcndung unserer Anwaltskanzlei haben wir uns die Gr\u00fcnds\u00e4tze der mandantenorientierten Sachbearbeitung und Rechtsberatung angeeignet. Wir haben inl\u00e4ndisch sowie ausl\u00e4ndische Mandanten. Unseren Mandanten bieten wir eine vertrauensvolle, professionelle und sichere Rechtsberatung und Prozessf\u00fchrung an.\u201d<\/p><\/div>[\/vc_column][vc_column width=&#8220;1\/2&#8243; content_align=&#8220;text-center&#8220;]<div class=\"pix-photo-stack pix-img-2  vc_custom_1635441051309\"><div class=\"img-el\" ><div class=\"w-100 pix-bounce-sm pix-duration-slow\"><div class=\"animate-in d-inline-block w-100\" data-anim-type=\"fade-in-up\" data-anim-delay=\"400\"><div class=\"tilt\"><img decoding=\"async\" width=\"442\" height=\"448\" class=\"pix-lazy rounded-lg shadow-lg shadow-hover-lg scale-sm d-inline-block\" loading=\"lazy\" data-srcset=\"https:\/\/celikavukatlik.com\/wp-content\/uploads\/2021\/10\/saphire-hakkimizda-296x300.png 296w, https:\/\/celikavukatlik.com\/wp-content\/uploads\/2021\/10\/saphire-hakkimizda-75x75.png 75w, https:\/\/celikavukatlik.com\/wp-content\/uploads\/2021\/10\/saphire-hakkimizda.png 442w\" src=\"https:\/\/celikavukatlik.com\/wp-content\/plugins\/pixfort-core\/functions\/images\/loading.webp\" data-src=\"https:\/\/celikavukatlik.com\/wp-content\/uploads\/2021\/10\/saphire-hakkimizda.png\" alt=\"\" \/><\/div><\/div><\/div><\/div><div class=\"img-el\" ><div class=\"w-100 pix-bounce-sm pix-duration-slow\"><div class=\"animate-in d-inline-block w-100\" data-anim-type=\"fade-in-up\" data-anim-delay=\"500\"><div class=\"tilt\"><img decoding=\"async\" width=\"380\" height=\"380\" class=\"pix-lazy rounded-lg shadow-lg shadow-hover-lg scale-sm d-inline-block\" loading=\"lazy\" data-srcset=\"https:\/\/celikavukatlik.com\/wp-content\/uploads\/2021\/02\/about-stack-2-1-300x300.jpg 300w, https:\/\/celikavukatlik.com\/wp-content\/uploads\/2021\/02\/about-stack-2-1-150x150.jpg 150w, https:\/\/celikavukatlik.com\/wp-content\/uploads\/2021\/02\/about-stack-2-1-75x75.jpg 75w, https:\/\/celikavukatlik.com\/wp-content\/uploads\/2021\/02\/about-stack-2-1.jpg 380w\" src=\"https:\/\/celikavukatlik.com\/wp-content\/plugins\/pixfort-core\/functions\/images\/loading.webp\" data-src=\"https:\/\/celikavukatlik.com\/wp-content\/uploads\/2021\/02\/about-stack-2-1.jpg\" alt=\"\" \/><\/div><\/div><\/div><\/div><\/div>[\/vc_column][\/vc_row][\/vc_section][vc_section full_width=&#8220;stretch_row&#8220; pix_over_visibility=&#8220;&#8220; responsive_css=&#8220;{&#8222;pix_res_sm_pt&#8222;:&#8222;40&#8222;,&#8222;pix_res_sm_pb&#8222;:&#8222;40&#8222;,&#8222;pix_res_md_pt&#8222;:&#8222;40&#8222;,&#8222;pix_res_md_pb&#8222;:&#8222;40&#8222;}&#8220; css=&#8220;.vc_custom_1613616503577{padding-top: 40px !important;padding-bottom: 80px !important;}&#8220; t_custom_height=&#8220;300px&#8220; b_custom_height=&#8220;300px&#8220;][vc_row pix_particles_check=&#8220;&#8220; responsive_css=&#8220;{&#8222;pix_res_sm_pb&#8222;:&#8222;40&#8222;,&#8222;pix_res_md_pb&#8222;:&#8222;40&#8222;}&#8220;][vc_column]<div class=\"pix-el-text slide-in-container w-100   vc_custom_1645360209200\" ><p class=\"text-20  text-body-default  \" >Unsere Anwaltskanzlei setzt ihre Beratungs- und Prozessf\u00fchrungst\u00e4tigkeit im \u0130n- und Ausland mit kompetenten Juristen fort. Der Hauptsitz unserer Kanzlei ist in \u0130stanbul, durch die Zusammenarbeit vielz\u00e4hliger Rechtskanzleien bieten wir Rechtsberatung und Prozessf\u00fchrung in vielen St\u00e4dten der T\u00fcrkei insbesondere Sanliurfa, Ankara und \u0130zmir an.<\/p><\/div><div class=\"pix-el-text slide-in-container w-100   vc_custom_1645360214473\" ><p class=\"text-20  text-body-default  \" >Unsere Anwaltskanzlei bietet f\u00fcr juristische und nat\u00fcrliche Personen Beratung im Zivilrecht und \u00f6ffentlichen Recht an. Unsere Rechtsberatung bieten wir in t\u00fcrkischer, englischer, deutscher und schwedischer Sprache an. Unsere Kanzlei bietet nat\u00fcrlichen und juristischen Personen &#8222;effektive&#8220; und &#8222;konkrete&#8220; rechtliche L\u00f6sungen, die ihren Bed\u00fcrfnissen und den Anforderungen der heutigen Zeit entsprechen. Die Juristen und Rechtsanw\u00e4lte mit denen wir zusammen arbeiten kennen sich in den Rechtsbereichen der Mandanten besonders gut aus und sind in der Lage hochwirksame L\u00f6sungen zu finden, die den Anforderungen des Wirtschaftslebens und jeweiligen Branche gerecht werden.<\/p><\/div>[\/vc_column][\/vc_row][vc_row disable_element=&#8220;yes&#8220; pix_particles_check=&#8220;&#8220; responsive_css=&#8220;{&#8222;pix_res_sm_pt&#8222;:&#8222;20&#8222;,&#8222;pix_res_md_pt&#8222;:&#8222;30&#8222;}&#8220; css=&#8220;.vc_custom_1645360121139{padding-top: 60px !important;}&#8220;][vc_column width=&#8220;1\/4&#8243; content_align=&#8220;text-center&#8220;]<div class=\"pix_numbers animate-math  vc_custom_1613616692693\"><div><h1 class=\"align-self-center text-center display-3\"><span class=\"font-weight-bold text-primary\" style=\"\">+<\/span><span class=\"number font-weight-bold text-primary\" style=\"\" data-duration=\"3000\" data-to=\"150\">0<\/span><span class=\"font-weight-bold text-primary\" style=\"\"><\/span><\/h1><\/div><div class=\"w-100 text-center\"><h6 class=\"mt-0 text-heading-default font-weight-bold\" style=\"\">Available developers<\/h6><\/div><\/div>\n[\/vc_column][vc_column width=&#8220;1\/4&#8243; content_align=&#8220;text-center&#8220;]<div class=\"pix_numbers animate-math  vc_custom_1613616702413\"><div><h1 class=\"align-self-center text-center display-3\"><span class=\"font-weight-bold text-primary\" style=\"\">+<\/span><span class=\"number font-weight-bold text-primary\" style=\"\" data-duration=\"3000\" data-to=\"60\">0<\/span><span class=\"font-weight-bold text-primary\" style=\"\">K<\/span><\/h1><\/div><div class=\"w-100 text-center\"><h6 class=\"mt-0 text-heading-default font-weight-bold\" style=\"\">Clients Every Year<\/h6><\/div><\/div>\n[\/vc_column][vc_column width=&#8220;1\/4&#8243; content_align=&#8220;text-center&#8220;]<div class=\"pix_numbers animate-math  vc_custom_1613616706599\"><div><h1 class=\"align-self-center text-center display-3\"><span class=\"font-weight-bold text-primary\" style=\"\">+<\/span><span class=\"number font-weight-bold text-primary\" style=\"\" data-duration=\"3000\" data-to=\"46\">0<\/span><span class=\"font-weight-bold text-primary\" style=\"\">M<\/span><\/h1><\/div><div class=\"w-100 text-center\"><h6 class=\"mt-0 text-heading-default font-weight-bold\" style=\"\">Revenue in 2020<\/h6><\/div><\/div>\n[\/vc_column][vc_column width=&#8220;1\/4&#8243; content_align=&#8220;text-center&#8220;]<div class=\"pix_numbers animate-math  vc_custom_1613616722810\"><div><h1 class=\"align-self-center text-center display-3\"><span class=\"font-weight-bold text-primary\" style=\"\">+<\/span><span class=\"number font-weight-bold text-primary\" style=\"\" data-duration=\"3000\" data-to=\"265\">0<\/span><span class=\"font-weight-bold text-primary\" style=\"\"><\/span><\/h1><\/div><div class=\"w-100 text-center\"><h6 class=\"mt-0 text-heading-default font-weight-bold\" style=\"\">Staff members in Europe<\/h6><\/div><\/div>\n[\/vc_column][\/vc_row][\/vc_section]","protected":false},"excerpt":{"rendered":"[vc_section full_width=&#8220;stretch_row&#8220; pix_over_visibility=&#8220;&#8220; bottom_divider_select=&#8220;8&#8243; b_has_animation=&#8220;true&#8220; b_2_color=&#8220;rgba(255,255,255,0.01)&#8220; b_3_is_gradient=&#8220;true&#8220; b_3_color=&#8220;rgba(0,0,0,0.08)&#8220; b_3_color_2=&#8220;rgba(255,255,255,0.01)&#8220; b_3_animation=&#8220;fade-in-up&#8220; top_divider_select=&#8220;8&#8243; t_has_animation=&#8220;true&#8220; t_1_color=&#8220;rgba(152,214,98,0.01)&#8220; t_2_color=&#8220;&#8220; t_3_color=&#8220;rgba(255,255,255,0.1)&#8220; t_3_animation=&#8220;fade-in-down&#8220; t_flip_h=&#8220;true&#8220; pix_overlay_color=&#8220;gray-1&#8243; responsive_css=&#8220;{&#8222;pix_res_sm_pt&#8222;:&#8222;20&#8222;,&#8222;pix_res_sm_pb&#8222;:&#8222;20&#8222;,&#8222;pix_res_md_pt&#8222;:&#8222;40&#8222;,&#8222;pix_res_md_pb&#8222;:&#8222;40&#8222;}&#8220; css=&#8220;.vc_custom_1613616369268{padding-top: 80px !important;padding-bottom: 80px !important;}&#8220; t_custom_height=&#8220;200px&#8220; b_custom_height=&#8220;300px&#8220; pix_overlay_opacity=&#8220;1&#8243; b_3_delay=&#8220;300&#8243; t_3_delay=&#8220;150&#8243;][vc_row full_width=&#8220;stretch_row&#8220; content_placement=&#8220;middle&#8220; pix_particles_check=&#8220;&#8220; responsive_css=&#8220;{&#8222;pix_res_sm_pt&#8222;:&#8222;40&#8222;,&#8222;pix_res_sm_pb&#8222;:&#8222;40&#8222;,&#8222;pix_res_md_pt&#8222;:&#8222;40&#8222;,&#8222;pix_res_md_pb&#8222;:&#8222;40&#8222;}&#8220;][vc_column width=&#8220;1\/2&#8243; responsive_css=&#8220;{&#8222;pix_res_sm_pt&#8222;:&#8222;20&#8222;,&#8222;pix_res_sm_pb&#8222;:&#8222;20&#8222;,&#8222;pix_res_md_pt&#8222;:&#8222;20&#8222;,&#8222;pix_res_md_pb&#8222;:&#8222;20&#8222;}&#8220; css=&#8220;.vc_custom_1613616585471{padding-top: 80px !important;padding-bottom: 80px !important;}&#8220;][\/vc_column][vc_column&#8230;","protected":false},"author":1,"featured_media":0,"parent":0,"menu_order":0,"comment_status":"closed","ping_status":"closed","template":"","meta":{"footnotes":""},"class_list":["post-8433","page","type-page","status-publish","hentry"],"yoast_head":"<!-- This site is optimized with the Yoast SEO plugin v24.3 - https:\/\/yoast.com\/wordpress\/plugins\/seo\/ -->\n<title>\u00dcber Uns - \u00c7elik Avukatl\u0131k<\/title>\n<meta name=\"robots\" content=\"index, follow, max-snippet:-1, max-image-preview:large, max-video-preview:-1\" \/>\n<meta property=\"og:locale\" content=\"de_DE\" \/>\n<meta property=\"og:type\" content=\"article\" \/>\n<meta property=\"og:title\" content=\"\u00dcber Uns - \u00c7elik Avukatl\u0131k\" \/>\n<meta property=\"og:url\" content=\"https:\/\/celikavukatlik.com\/de\/ueber-uns\/\" \/>\n<meta property=\"og:site_name\" content=\"\u00c7elik Avukatl\u0131k\" \/>\n<meta property=\"article:modified_time\" content=\"2022-02-20T12:30:17+00:00\" \/>\n<meta name=\"twitter:card\" content=\"summary_large_image\" \/>\n<meta name=\"twitter:label1\" content=\"Gesch\u00e4tzte Lesezeit\" \/>\n\t<meta name=\"twitter:data1\" content=\"2\u00a0Minuten\" \/>\n<script type=\"application\/ld+json\" class=\"yoast-schema-graph\">{\"@context\":\"https:\/\/schema.org\",\"@graph\":[{\"@type\":\"WebPage\",\"@id\":\"https:\/\/celikavukatlik.com\/de\/ueber-uns\/\",\"url\":\"https:\/\/celikavukatlik.com\/de\/ueber-uns\/\",\"name\":\"\u00dcber Uns - \u00c7elik Avukatl\u0131k\",\"isPartOf\":{\"@id\":\"https:\/\/celikavukatlik.com\/#website\"},\"datePublished\":\"2022-02-20T12:24:38+00:00\",\"dateModified\":\"2022-02-20T12:30:17+00:00\",\"inLanguage\":\"de\",\"potentialAction\":[{\"@type\":\"ReadAction\",\"target\":[\"https:\/\/celikavukatlik.com\/de\/ueber-uns\/\"]}]},{\"@type\":\"WebSite\",\"@id\":\"https:\/\/celikavukatlik.com\/#website\",\"url\":\"https:\/\/celikavukatlik.com\/\",\"name\":\"\u00c7elik Avukatl\u0131k\",\"description\":\"\",\"potentialAction\":[{\"@type\":\"SearchAction\",\"target\":{\"@type\":\"EntryPoint\",\"urlTemplate\":\"https:\/\/celikavukatlik.com\/?s={search_term_string}\"},\"query-input\":{\"@type\":\"PropertyValueSpecification\",\"valueRequired\":true,\"valueName\":\"search_term_string\"}}],\"inLanguage\":\"de\"}]}<\/script>\n<!-- \/ Yoast SEO plugin. -->","yoast_head_json":{"title":"\u00dcber Uns - \u00c7elik Avukatl\u0131k","robots":{"index":"index","follow":"follow","max-snippet":"max-snippet:-1","max-image-preview":"max-image-preview:large","max-video-preview":"max-video-preview:-1"},"og_locale":"de_DE","og_type":"article","og_title":"\u00dcber Uns - \u00c7elik Avukatl\u0131k","og_url":"https:\/\/celikavukatlik.com\/de\/ueber-uns\/","og_site_name":"\u00c7elik Avukatl\u0131k","article_modified_time":"2022-02-20T12:30:17+00:00","twitter_card":"summary_large_image","twitter_misc":{"Gesch\u00e4tzte Lesezeit":"2\u00a0Minuten"},"schema":{"@context":"https:\/\/schema.org","@graph":[{"@type":"WebPage","@id":"https:\/\/celikavukatlik.com\/de\/ueber-uns\/","url":"https:\/\/celikavukatlik.com\/de\/ueber-uns\/","name":"\u00dcber Uns - \u00c7elik Avukatl\u0131k","isPartOf":{"@id":"https:\/\/celikavukatlik.com\/#website"},"datePublished":"2022-02-20T12:24:38+00:00","dateModified":"2022-02-20T12:30:17+00:00","inLanguage":"de","potentialAction":[{"@type":"ReadAction","target":["https:\/\/celikavukatlik.com\/de\/ueber-uns\/"]}]},{"@type":"WebSite","@id":"https:\/\/celikavukatlik.com\/#website","url":"https:\/\/celikavukatlik.com\/","name":"\u00c7elik Avukatl\u0131k","description":"","potentialAction":[{"@type":"SearchAction","target":{"@type":"EntryPoint","urlTemplate":"https:\/\/celikavukatlik.com\/?s={search_term_string}"},"query-input":{"@type":"PropertyValueSpecification","valueRequired":true,"valueName":"search_term_string"}}],"inLanguage":"de"}]}},"_links":{"self":[{"href":"https:\/\/celikavukatlik.com\/de\/wp-json\/wp\/v2\/pages\/8433","targetHints":{"allow":["GET"]}}],"collection":[{"href":"https:\/\/celikavukatlik.com\/de\/wp-json\/wp\/v2\/pages"}],"about":[{"href":"https:\/\/celikavukatlik.com\/de\/wp-json\/wp\/v2\/types\/page"}],"author":[{"embeddable":true,"href":"https:\/\/celikavukatlik.com\/de\/wp-json\/wp\/v2\/users\/1"}],"replies":[{"embeddable":true,"href":"https:\/\/celikavukatlik.com\/de\/wp-json\/wp\/v2\/comments?post=8433"}],"version-history":[{"count":6,"href":"https:\/\/celikavukatlik.com\/de\/wp-json\/wp\/v2\/pages\/8433\/revisions"}],"predecessor-version":[{"id":8441,"href":"https:\/\/celikavukatlik.com\/de\/wp-json\/wp\/v2\/pages\/8433\/revisions\/8441"}],"wp:attachment":[{"href":"https:\/\/celikavukatlik.com\/de\/wp-json\/wp\/v2\/media?parent=8433"}],"curies":[{"name":"wp","href":"https:\/\/api.w.org\/{rel}","templated":true}]}}