{"id":8452,"date":"2022-02-20T15:43:17","date_gmt":"2022-02-20T12:43:17","guid":{"rendered":"https:\/\/celikavukatlik.com\/avukata-sor\/"},"modified":"2022-02-20T15:45:21","modified_gmt":"2022-02-20T12:45:21","slug":"fragen-sie-den-anwalt","status":"publish","type":"page","link":"https:\/\/celikavukatlik.com\/de\/fragen-sie-den-anwalt\/","title":{"rendered":"Fragen Sie den Anwalt"},"content":{"rendered":"[vc_row pix_particles_check=&#8220;&#8220;][vc_column width=&#8220;1\/2&#8243;]\n<div class=\"wpcf7 no-js\" id=\"wpcf7-f8455-o1\" lang=\"tr-TR\" dir=\"ltr\" data-wpcf7-id=\"8455\">\n<div class=\"screen-reader-response\"><p role=\"status\" aria-live=\"polite\" aria-atomic=\"true\"><\/p> <ul><\/ul><\/div>\n<form action=\"\/de\/wp-json\/wp\/v2\/pages\/8452#wpcf7-f8455-o1\" method=\"post\" class=\"wpcf7-form init\" aria-label=\"\u0130leti\u015fim Formu\" novalidate=\"novalidate\" data-status=\"init\">\n<div style=\"display: none;\">\n<input type=\"hidden\" name=\"_wpcf7\" value=\"8455\" \/>\n<input type=\"hidden\" name=\"_wpcf7_version\" value=\"6.0.3\" \/>\n<input type=\"hidden\" name=\"_wpcf7_locale\" value=\"tr_TR\" \/>\n<input type=\"hidden\" name=\"_wpcf7_unit_tag\" value=\"wpcf7-f8455-o1\" \/>\n<input type=\"hidden\" name=\"_wpcf7_container_post\" value=\"0\" \/>\n<input type=\"hidden\" name=\"_wpcf7_posted_data_hash\" value=\"\" \/>\n<\/div>\n<div class=\"pix-contact7-form\"><div class=\"row\">\n\t<div class=\"col-lg-6\">\n\t\t<p><label class=\"w-100\">Name<br \/>\n<span class=\"wpcf7-form-control-wrap\" data-name=\"your-name\"><input size=\"40\" maxlength=\"400\" class=\"wpcf7-form-control wpcf7-text wpcf7-validates-as-required pix-my-5 shadow-0 bg-gray-1 form-control\" aria-required=\"true\" aria-invalid=\"false\" placeholder=\"Name\" value=\"\" type=\"text\" name=\"your-name\" \/><\/span><\/label>\n\t\t<\/p>\n\t<\/div>\n\t<div class=\"col-lg-6\">\n\t\t<p><label class=\"w-100\">E-Mail*<br \/>\n<span class=\"wpcf7-form-control-wrap\" data-name=\"your-email\"><input size=\"40\" maxlength=\"400\" class=\"wpcf7-form-control wpcf7-email wpcf7-validates-as-required wpcf7-text wpcf7-validates-as-email pix-my-5 shadow-0 bg-gray-1 form-control\" aria-required=\"true\" aria-invalid=\"false\" placeholder=\"email@celikavukatlik.com\" value=\"\" type=\"email\" name=\"your-email\" \/><\/span><\/label>\n\t\t<\/p>\n\t<\/div>\n\t<div class=\"col-lg-6\">\n\t\t<p><label class=\"w-100\">Phone*<br \/>\n<span class=\"wpcf7-form-control-wrap\" data-name=\"telefon\"><input size=\"40\" maxlength=\"400\" class=\"wpcf7-form-control wpcf7-tel wpcf7-validates-as-required wpcf7-text wpcf7-validates-as-tel pix-my-5 shadow-0 bg-gray-1 form-control\" aria-required=\"true\" aria-invalid=\"false\" placeholder=\"0555 555 55 55\" value=\"\" type=\"tel\" name=\"telefon\" \/><\/span><\/label>\n\t\t<\/p>\n\t<\/div>\n\t<div class=\"col-lg-6\">\n\t\t<p><label class=\"w-100\">Aktivit\u00e4tsbereich*<br \/>\n<span class=\"wpcf7-form-control-wrap\" data-name=\"faaliyetalani\"><select class=\"wpcf7-form-control wpcf7-select pix-my-5 shadow-0 bg-gray-1 form-control\" aria-invalid=\"false\" name=\"faaliyetalani\"><option value=\"Select\">Select<\/option><option value=\"Family Law\">Family Law<\/option><option value=\"Divorce Law\">Divorce Law<\/option><option value=\"Inheritance Law\">Inheritance Law<\/option><option value=\"Other\">Other<\/option><\/select><\/span><\/label>\n\t\t<\/p>\n\t<\/div>\n\t<div class=\"col-12\">\n\t\t<p><label class=\"w-100\">Nachricht<span class=\"wpcf7-form-control-wrap\" data-name=\"your-message\"><textarea cols=\"40\" rows=\"4\" maxlength=\"2000\" class=\"wpcf7-form-control wpcf7-textarea wpcf7-validates-as-required pix-my-5 shadow-0 bg-gray-1 form-control\" aria-required=\"true\" aria-invalid=\"false\" placeholder=\"You Can Write Your Question Here*\" name=\"your-message\"><\/textarea><\/span><\/label>\n\t\t<\/p>\n\t<\/div>\n<\/div>\n<p><input class=\"wpcf7-form-control wpcf7-submit has-spinner btn btn-blue text-white w-100 pix-mt-10 font-weight-bold btn-lg shadow-hover\" type=\"submit\" value=\"Schicken\" \/>\n<\/p><\/div><p style=\"display: none !important;\" class=\"akismet-fields-container\" data-prefix=\"_wpcf7_ak_\"><label>&#916;<textarea name=\"_wpcf7_ak_hp_textarea\" cols=\"45\" rows=\"8\" maxlength=\"100\"><\/textarea><\/label><input type=\"hidden\" id=\"ak_js_1\" name=\"_wpcf7_ak_js\" value=\"185\"\/><script>document.getElementById( \"ak_js_1\" ).setAttribute( \"value\", ( new Date() ).getTime() );<\/script><\/p><div class=\"wpcf7-response-output\" aria-hidden=\"true\"><\/div>\n<\/form>\n<\/div>\n[\/vc_column][vc_column width=&#8220;1\/2&#8243;][vc_custom_heading text=&#8220;Fragen Sie einen Online-Anwalt&#8220; font_container=&#8220;tag:h1|font_size:26|text_align:center&#8220; use_theme_fonts=&#8220;yes&#8220; css=&#8220;.vc_custom_1645361030740{padding-bottom: 20px !important;}&#8220;]<div class=\"pix-content-box card      vc_custom_1636725400671    rounded-10 shadow-sm shadow-hover fly-sm bg- w-100  \"   ><div class=\"scene scene-over\"><\/div><div class=\"\" style=\"z-index:30;position:relative;\"><div id=\"1636725039339-da0daa18-e1a7\" class=\"media  vc_custom_1636725390069\"><div class=\"mr-3 feature_img \"   style=\"position:relative;text-align:center;\"><i style=\"display:inline-block;font-size:40px;min-width:40px;line-height:40px;\" class=\"text-gradient-primary align-middle pixicon-map-pin-1-circle\"><\/i><\/div><div class=\"media-body\"><h6 class=\"font-weight-bold  secondary-font text-heading-default  \" style=\"padding-top:8px;\"  >Seyrantepe Mahallesi Skyland \u0130stanbul B Blok Kat:36 No:509 Sar\u0131yer\/\u0130stanbul<\/h6><div class=\"text-text-gray text-18     \" style=\"\"  ><\/div><\/div><\/div><\/div><\/div><div class=\"pix-content-box card      vc_custom_1636725424330    rounded-10 shadow-sm shadow-hover fly-sm bg- w-100  \"   ><div class=\"scene scene-over\"><\/div><div class=\"\" style=\"z-index:30;position:relative;\"><div id=\"1636725297767-8f37eece-3410\" class=\"media  vc_custom_1636725430504\"><div class=\"mr-3 feature_img \"   style=\"position:relative;text-align:center;\"><i style=\"display:inline-block;font-size:40px;min-width:40px;line-height:40px;\" class=\"text-gradient-primary align-middle pixicon-phone\"><\/i><\/div><div class=\"media-body\"><h6 class=\"font-weight-bold  secondary-font text-heading-default  \" style=\"padding-top:8px;\"  >0212 401 05 73<\/h6><div class=\"text-text-gray text-18     \" style=\"\"  ><\/div><\/div><\/div><\/div><\/div><div class=\"pix-content-box card      vc_custom_1636725452262    rounded-10 shadow-sm shadow-hover fly-sm bg- w-100  \"   ><div class=\"scene scene-over\"><\/div><div class=\"\" style=\"z-index:30;position:relative;\"><div id=\"1636725317436-147de820-cc94\" class=\"media  vc_custom_1636725436352\"><div class=\"mr-3 feature_img \"   style=\"position:relative;text-align:center;\"><i style=\"display:inline-block;font-size:40px;min-width:40px;line-height:40px;\" class=\"text-gradient-primary align-middle pixicon-smartphone-1\"><\/i><\/div><div class=\"media-body\"><h6 class=\"font-weight-bold  secondary-font text-heading-default  \" style=\"padding-top:8px;\"  >0532 202 12 43<\/h6><div class=\"text-text-gray text-18     \" style=\"\"  ><\/div><\/div><\/div><\/div><\/div><div class=\"pix-content-box card      vc_custom_1636725465289    rounded-10 shadow-sm shadow-hover fly-sm bg- w-100  \"   ><div class=\"scene scene-over\"><\/div><div class=\"\" style=\"z-index:30;position:relative;\"><div id=\"1636725350406-66d4f040-51d5\" class=\"media  vc_custom_1636725440422\"><div class=\"mr-3 feature_img \"   style=\"position:relative;text-align:center;\"><i style=\"display:inline-block;font-size:40px;min-width:40px;line-height:40px;\" class=\"text-gradient-primary align-middle pixicon-gmail\"><\/i><\/div><div class=\"media-body\"><h6 class=\"font-weight-bold  secondary-font text-heading-default  \" style=\"padding-top:8px;\"  >info@celikavukatlik.com.tr<\/h6><div class=\"text-text-gray text-18     \" style=\"\"  ><\/div><\/div><\/div><\/div><\/div>[\/vc_column][\/vc_row][vc_row pix_particles_check=&#8220;&#8220; css=&#8220;.vc_custom_1636726864010{padding-top: 20px !important;}&#8220;][vc_column][vc_custom_heading text=&#8220;Anwaltskanzlei \u00c7elik&#8220; font_container=&#8220;tag:h3|font_size:24|text_align:center&#8220; use_theme_fonts=&#8220;yes&#8220; css=&#8220;.vc_custom_1645361054824{padding-bottom: 10px !important;}&#8220;][vc_column_text]\u00dcber unser Portal \u2018\u2019Frag einen Anwalt\u2019\u2019 beantworten wir die rechtlichen Fragen und Probleme unserer Mandanten, die bestehen oder bestehen k\u00f6nnen. Wir reagieren schnell auf die Probleme und Fragen unserer Mandanten und lassen keine Fragen auf unserer Seite unbeantwortet.\r\n\r\nDurch die Kommunikation mit unseren Mandanten per E-Mail oder Telefon verfolgen wir sorgf\u00e4ltig\u00a0 die Rechtsgesch\u00e4fte und rechtlichen Vorg\u00e4nge bez\u00fcglich ihrer Fragen und Probleme und erzielen durch die schnelle Beantwortung ihrer Fragen einen hohen Erfolg bei der L\u00f6sung ihrer Probleme. Aus diesem Grund bitten wir Sie, uns Ihr Rechtsproblem bzw. Ihre Fragen zum Prozess und Streitfall unter Angabe des richtigen Themas und Titels kurz und pr\u00e4gnant zu \u00fcbermitteln.\r\n\r\nDamit Sie unsere Plattform \u2018\u2019Frag einen Anwalt\u2019\u2019 korrekt und effizient nutzen und Ergebnisse zu Ihren Gunsten erzielen, empfehlen wir Ihnen, die folgende Zusammenstellung unserer Arbeitsbereiche zu \u00fcberpr\u00fcfen, wo Sie Ihre Fragen \u00fcber unsere Plattform \u2018\u2019Frag einen Anwalt\u2019\u2019 stellen k\u00f6nnen.[\/vc_column_text][\/vc_column][\/vc_row]","protected":false},"excerpt":{"rendered":"[vc_row pix_particles_check=&#8220;&#8220;][vc_column width=&#8220;1\/2&#8243;][\/vc_column][vc_column width=&#8220;1\/2&#8243;][vc_custom_heading text=&#8220;Fragen Sie einen Online-Anwalt&#8220; font_container=&#8220;tag:h1|font_size:26|text_align:center&#8220; use_theme_fonts=&#8220;yes&#8220; css=&#8220;.vc_custom_1645361030740{padding-bottom: 20px !important;}&#8220;][\/vc_column][\/vc_row][vc_row pix_particles_check=&#8220;&#8220; css=&#8220;.vc_custom_1636726864010{padding-top: 20px !important;}&#8220;][vc_column][vc_custom_heading text=&#8220;Anwaltskanzlei \u00c7elik&#8220; font_container=&#8220;tag:h3|font_size:24|text_align:center&#8220; use_theme_fonts=&#8220;yes&#8220; css=&#8220;.vc_custom_1645361054824{padding-bottom: 10px !important;}&#8220;][vc_column_text]\u00dcber unser Portal \u2018\u2019Frag einen Anwalt\u2019\u2019 beantworten wir die rechtlichen Fragen und Probleme unserer Mandanten, die bestehen&#8230;","protected":false},"author":1,"featured_media":0,"parent":0,"menu_order":0,"comment_status":"closed","ping_status":"closed","template":"","meta":{"footnotes":""},"class_list":["post-8452","page","type-page","status-publish","hentry"],"yoast_head":"<!-- This site is optimized with the Yoast SEO plugin v24.3 - https:\/\/yoast.com\/wordpress\/plugins\/seo\/ -->\n<title>Fragen Sie den Anwalt - \u00c7elik Avukatl\u0131k<\/title>\n<meta name=\"description\" content=\"\u00dcber unser Portal \u2018\u2019Frag einen Anwalt\u2019\u2019 beantworten wir die rechtlichen Fragen und Probleme unserer Mandanten, die bestehen oder bestehen k\u00f6nnen. Wir\" \/>\n<meta name=\"robots\" content=\"index, follow, max-snippet:-1, max-image-preview:large, max-video-preview:-1\" \/>\n<meta property=\"og:locale\" content=\"de_DE\" \/>\n<meta property=\"og:type\" content=\"article\" \/>\n<meta property=\"og:title\" content=\"Fragen Sie den Anwalt - \u00c7elik Avukatl\u0131k\" \/>\n<meta property=\"og:description\" content=\"\u00dcber unser Portal \u2018\u2019Frag einen Anwalt\u2019\u2019 beantworten wir die rechtlichen Fragen und Probleme unserer Mandanten, die bestehen oder bestehen k\u00f6nnen. Wir\" \/>\n<meta property=\"og:url\" content=\"https:\/\/celikavukatlik.com\/de\/fragen-sie-den-anwalt\/\" \/>\n<meta property=\"og:site_name\" content=\"\u00c7elik Avukatl\u0131k\" \/>\n<meta property=\"article:modified_time\" content=\"2022-02-20T12:45:21+00:00\" \/>\n<meta name=\"twitter:card\" content=\"summary_large_image\" \/>\n<meta name=\"twitter:label1\" content=\"Gesch\u00e4tzte Lesezeit\" \/>\n\t<meta name=\"twitter:data1\" content=\"2\u00a0Minuten\" \/>\n<script type=\"application\/ld+json\" class=\"yoast-schema-graph\">{\"@context\":\"https:\/\/schema.org\",\"@graph\":[{\"@type\":\"WebPage\",\"@id\":\"https:\/\/celikavukatlik.com\/de\/fragen-sie-den-anwalt\/\",\"url\":\"https:\/\/celikavukatlik.com\/de\/fragen-sie-den-anwalt\/\",\"name\":\"Fragen Sie den Anwalt - \u00c7elik Avukatl\u0131k\",\"isPartOf\":{\"@id\":\"https:\/\/celikavukatlik.com\/#website\"},\"datePublished\":\"2022-02-20T12:43:17+00:00\",\"dateModified\":\"2022-02-20T12:45:21+00:00\",\"description\":\"\u00dcber unser Portal \u2018\u2019Frag einen Anwalt\u2019\u2019 beantworten wir die rechtlichen Fragen und Probleme unserer Mandanten, die bestehen oder bestehen k\u00f6nnen. Wir\",\"inLanguage\":\"de\",\"potentialAction\":[{\"@type\":\"ReadAction\",\"target\":[\"https:\/\/celikavukatlik.com\/de\/fragen-sie-den-anwalt\/\"]}]},{\"@type\":\"WebSite\",\"@id\":\"https:\/\/celikavukatlik.com\/#website\",\"url\":\"https:\/\/celikavukatlik.com\/\",\"name\":\"\u00c7elik Avukatl\u0131k\",\"description\":\"\",\"potentialAction\":[{\"@type\":\"SearchAction\",\"target\":{\"@type\":\"EntryPoint\",\"urlTemplate\":\"https:\/\/celikavukatlik.com\/?s={search_term_string}\"},\"query-input\":{\"@type\":\"PropertyValueSpecification\",\"valueRequired\":true,\"valueName\":\"search_term_string\"}}],\"inLanguage\":\"de\"}]}<\/script>\n<!-- \/ Yoast SEO plugin. -->","yoast_head_json":{"title":"Fragen Sie den Anwalt - \u00c7elik Avukatl\u0131k","description":"\u00dcber unser Portal \u2018\u2019Frag einen Anwalt\u2019\u2019 beantworten wir die rechtlichen Fragen und Probleme unserer Mandanten, die bestehen oder bestehen k\u00f6nnen. Wir","robots":{"index":"index","follow":"follow","max-snippet":"max-snippet:-1","max-image-preview":"max-image-preview:large","max-video-preview":"max-video-preview:-1"},"og_locale":"de_DE","og_type":"article","og_title":"Fragen Sie den Anwalt - \u00c7elik Avukatl\u0131k","og_description":"\u00dcber unser Portal \u2018\u2019Frag einen Anwalt\u2019\u2019 beantworten wir die rechtlichen Fragen und Probleme unserer Mandanten, die bestehen oder bestehen k\u00f6nnen. Wir","og_url":"https:\/\/celikavukatlik.com\/de\/fragen-sie-den-anwalt\/","og_site_name":"\u00c7elik Avukatl\u0131k","article_modified_time":"2022-02-20T12:45:21+00:00","twitter_card":"summary_large_image","twitter_misc":{"Gesch\u00e4tzte Lesezeit":"2\u00a0Minuten"},"schema":{"@context":"https:\/\/schema.org","@graph":[{"@type":"WebPage","@id":"https:\/\/celikavukatlik.com\/de\/fragen-sie-den-anwalt\/","url":"https:\/\/celikavukatlik.com\/de\/fragen-sie-den-anwalt\/","name":"Fragen Sie den Anwalt - \u00c7elik Avukatl\u0131k","isPartOf":{"@id":"https:\/\/celikavukatlik.com\/#website"},"datePublished":"2022-02-20T12:43:17+00:00","dateModified":"2022-02-20T12:45:21+00:00","description":"\u00dcber unser Portal \u2018\u2019Frag einen Anwalt\u2019\u2019 beantworten wir die rechtlichen Fragen und Probleme unserer Mandanten, die bestehen oder bestehen k\u00f6nnen. Wir","inLanguage":"de","potentialAction":[{"@type":"ReadAction","target":["https:\/\/celikavukatlik.com\/de\/fragen-sie-den-anwalt\/"]}]},{"@type":"WebSite","@id":"https:\/\/celikavukatlik.com\/#website","url":"https:\/\/celikavukatlik.com\/","name":"\u00c7elik Avukatl\u0131k","description":"","potentialAction":[{"@type":"SearchAction","target":{"@type":"EntryPoint","urlTemplate":"https:\/\/celikavukatlik.com\/?s={search_term_string}"},"query-input":{"@type":"PropertyValueSpecification","valueRequired":true,"valueName":"search_term_string"}}],"inLanguage":"de"}]}},"_links":{"self":[{"href":"https:\/\/celikavukatlik.com\/de\/wp-json\/wp\/v2\/pages\/8452","targetHints":{"allow":["GET"]}}],"collection":[{"href":"https:\/\/celikavukatlik.com\/de\/wp-json\/wp\/v2\/pages"}],"about":[{"href":"https:\/\/celikavukatlik.com\/de\/wp-json\/wp\/v2\/types\/page"}],"author":[{"embeddable":true,"href":"https:\/\/celikavukatlik.com\/de\/wp-json\/wp\/v2\/users\/1"}],"replies":[{"embeddable":true,"href":"https:\/\/celikavukatlik.com\/de\/wp-json\/wp\/v2\/comments?post=8452"}],"version-history":[{"count":4,"href":"https:\/\/celikavukatlik.com\/de\/wp-json\/wp\/v2\/pages\/8452\/revisions"}],"predecessor-version":[{"id":8457,"href":"https:\/\/celikavukatlik.com\/de\/wp-json\/wp\/v2\/pages\/8452\/revisions\/8457"}],"wp:attachment":[{"href":"https:\/\/celikavukatlik.com\/de\/wp-json\/wp\/v2\/media?parent=8452"}],"curies":[{"name":"wp","href":"https:\/\/api.w.org\/{rel}","templated":true}]}}