{"id":3581,"date":"2021-10-28T20:34:08","date_gmt":"2021-10-28T17:34:08","guid":{"rendered":"https:\/\/celikavukatlik.com\/?page_id=3581"},"modified":"2021-10-28T20:37:00","modified_gmt":"2021-10-28T17:37:00","slug":"kariyer","status":"publish","type":"page","link":"https:\/\/celikavukatlik.com\/tr\/kariyer\/","title":{"rendered":"Kariyer"},"content":{"rendered":"[vc_row pix_particles_check=&#8221;&#8221; css=&#8221;.vc_custom_1635442573772{margin-top: 50px !important;}&#8221;][vc_column width=&#8221;1\/2&#8243;][vc_single_image image=&#8221;3583&#8243; img_size=&#8221;full&#8221;][vc_column_text]\r\n<ul class=\"dot-yellow\">\r\n \t<li>Ba\u015far\u0131l\u0131 bir akademik \u00f6zge\u00e7mi\u015f<\/li>\r\n \t<li>Yaz\u0131l\u0131 ve s\u00f6zl\u00fc \u0130ngilizce\u2019ye hakimiyet<\/li>\r\n \t<li>Yenili\u011fe ve de\u011fi\u015fime a\u00e7\u0131k olabilme<\/li>\r\n \t<li>Sorunsuz bir ileti\u015fim kurma<\/li>\r\n \t<li>Sonu\u00e7 ve \u00e7\u00f6z\u00fcm odakl\u0131 \u00e7al\u0131\u015fma<\/li>\r\n \t<li>Dinamik bir ofis ortam\u0131nda tak\u0131m \u00e7al\u0131\u015fmas\u0131na uyum sa\u011flayabilme<\/li>\r\n \t<li>Tercihen ikinci veya \u00fc\u00e7\u00fcnc\u00fc yabanc\u0131 dile hakim<\/li>\r\n \t<li>Tercihen yay\u0131nlanm\u0131\u015f makalesi ve hukuki alandaki akademik ve uygulamaya y\u00f6nelik aktivitelerde rol \u00fcstlenmi\u015f olmak<\/li>\r\n<\/ul>\r\n[\/vc_column_text][\/vc_column][vc_column width=&#8221;1\/2&#8243;]\n<div class=\"wpcf7 no-js\" id=\"wpcf7-f3580-o1\" lang=\"tr-TR\" dir=\"ltr\" data-wpcf7-id=\"3580\">\n<div class=\"screen-reader-response\"><p role=\"status\" aria-live=\"polite\" aria-atomic=\"true\"><\/p> <ul><\/ul><\/div>\n<form action=\"\/tr\/wp-json\/wp\/v2\/pages\/3581#wpcf7-f3580-o1\" method=\"post\" class=\"wpcf7-form init\" aria-label=\"\u0130leti\u015fim Formu\" enctype=\"multipart\/form-data\" novalidate=\"novalidate\" data-status=\"init\">\n<div style=\"display: none;\">\n<input type=\"hidden\" name=\"_wpcf7\" value=\"3580\" \/>\n<input type=\"hidden\" name=\"_wpcf7_version\" value=\"6.0.3\" \/>\n<input type=\"hidden\" name=\"_wpcf7_locale\" value=\"tr_TR\" \/>\n<input type=\"hidden\" name=\"_wpcf7_unit_tag\" value=\"wpcf7-f3580-o1\" \/>\n<input type=\"hidden\" name=\"_wpcf7_container_post\" value=\"0\" \/>\n<input type=\"hidden\" name=\"_wpcf7_posted_data_hash\" value=\"\" \/>\n<\/div>\n<div class=\"pix-contact7-form\"><div class=\"row\">\n\t<div class=\"col-lg-12\">\n\t\t<p><label class=\"w-100\">Ad Soyad<br \/>\n<span class=\"wpcf7-form-control-wrap\" data-name=\"your-name\"><input size=\"40\" maxlength=\"400\" class=\"wpcf7-form-control wpcf7-text wpcf7-validates-as-required pix-my-5 shadow-0 bg-gray-1 form-control\" aria-required=\"true\" aria-invalid=\"false\" placeholder=\"Ad Soyad\" value=\"\" type=\"text\" name=\"your-name\" \/><\/span><\/label>\n\t\t<\/p>\n\t<\/div>\n\t<div class=\"col-lg-12\">\n\t\t<p><label class=\"w-100\">E-Posta*<br \/>\n<span class=\"wpcf7-form-control-wrap\" data-name=\"your-email\"><input size=\"40\" maxlength=\"400\" class=\"wpcf7-form-control wpcf7-email wpcf7-validates-as-required wpcf7-text wpcf7-validates-as-email pix-my-5 shadow-0 bg-gray-1 form-control\" aria-required=\"true\" aria-invalid=\"false\" placeholder=\"email@celikavukatlik.com\" value=\"\" type=\"email\" name=\"your-email\" \/><\/span><\/label>\n\t\t<\/p>\n\t<\/div>\n\t<div class=\"col-lg-12\">\n\t\t<p><label class=\"w-100\">Telefon*<br \/>\n<span class=\"wpcf7-form-control-wrap\" data-name=\"telefon\"><input size=\"40\" maxlength=\"400\" class=\"wpcf7-form-control wpcf7-tel wpcf7-validates-as-required wpcf7-text wpcf7-validates-as-tel pix-my-5 shadow-0 bg-gray-1 form-control\" aria-required=\"true\" aria-invalid=\"false\" placeholder=\"0555 555 55 55\" value=\"\" type=\"tel\" name=\"telefon\" \/><\/span><\/label>\n\t\t<\/p>\n\t<\/div>\n\t<div class=\"col-lg-12\">\n\t\t<p><label class=\"w-100\">Alan*<br \/>\n<span class=\"wpcf7-form-control-wrap\" data-name=\"faaliyetalani\"><select class=\"wpcf7-form-control wpcf7-select pix-my-5 shadow-0 bg-gray-1 form-control\" aria-invalid=\"false\" name=\"faaliyetalani\"><option value=\"Se\u00e7iniz\">Se\u00e7iniz<\/option><option value=\"Avukat\">Avukat<\/option><option value=\"Stajyer Avukat\">Stajyer Avukat<\/option><option value=\"\u0130cra Tahsilat Eleman\u0131\">\u0130cra Tahsilat Eleman\u0131<\/option><option value=\"\u0130cra Takip eleman\u0131\">\u0130cra Takip eleman\u0131<\/option><option value=\"Asistan\">Asistan<\/option><\/select><\/span><\/label>\n\t\t<\/p>\n\t<\/div>\n\t<div class=\"col-12\">\n\t\t<p><label class=\"w-100\">Mesaj<span class=\"wpcf7-form-control-wrap\" data-name=\"your-message\"><textarea cols=\"40\" rows=\"4\" maxlength=\"2000\" class=\"wpcf7-form-control wpcf7-textarea wpcf7-validates-as-required pix-my-5 shadow-0 bg-gray-1 form-control\" aria-required=\"true\" aria-invalid=\"false\" placeholder=\"Mesaj\" name=\"your-message\"><\/textarea><\/span><\/label>\n\t\t<\/p>\n\t<\/div>\n\t<div class=\"col-12\">\n\t\t<p><label class=\"w-100\"><span class=\"wpcf7-form-control-wrap\" data-name=\"cv\"><input size=\"40\" class=\"wpcf7-form-control wpcf7-file pix-my-5 shadow-0 bg-gray-1\" accept=\"audio\/*,video\/*,image\/*\" aria-invalid=\"false\" type=\"file\" name=\"cv\" \/><\/span><\/label>\n\t\t<\/p>\n\t<\/div>\n<\/div>\n<p><input class=\"wpcf7-form-control wpcf7-submit has-spinner btn btn-blue text-white w-100 pix-mt-10 font-weight-bold btn-lg shadow-hover\" type=\"submit\" value=\"G\u00f6nder\" \/>\n<\/p><\/div><p style=\"display: none !important;\" class=\"akismet-fields-container\" data-prefix=\"_wpcf7_ak_\"><label>&#916;<textarea name=\"_wpcf7_ak_hp_textarea\" cols=\"45\" rows=\"8\" maxlength=\"100\"><\/textarea><\/label><input type=\"hidden\" id=\"ak_js_1\" name=\"_wpcf7_ak_js\" value=\"25\"\/><script>document.getElementById( \"ak_js_1\" ).setAttribute( \"value\", ( new Date() ).getTime() );<\/script><\/p><div class=\"wpcf7-response-output\" aria-hidden=\"true\"><\/div>\n<\/form>\n<\/div>\n[\/vc_column][\/vc_row]","protected":false},"excerpt":{"rendered":"[vc_row pix_particles_check=&#8221;&#8221; css=&#8221;.vc_custom_1635442573772{margin-top: 50px !important;}&#8221;][vc_column width=&#8221;1\/2&#8243;][vc_single_image image=&#8221;3583&#8243; img_size=&#8221;full&#8221;][vc_column_text] Ba\u015far\u0131l\u0131 bir akademik \u00f6zge\u00e7mi\u015f Yaz\u0131l\u0131 ve s\u00f6zl\u00fc \u0130ngilizce\u2019ye hakimiyet Yenili\u011fe ve de\u011fi\u015fime a\u00e7\u0131k olabilme Sorunsuz bir ileti\u015fim kurma Sonu\u00e7 ve \u00e7\u00f6z\u00fcm odakl\u0131 \u00e7al\u0131\u015fma Dinamik bir ofis ortam\u0131nda tak\u0131m \u00e7al\u0131\u015fmas\u0131na uyum sa\u011flayabilme Tercihen&#8230;","protected":false},"author":1,"featured_media":0,"parent":0,"menu_order":0,"comment_status":"closed","ping_status":"closed","template":"","meta":{"footnotes":""},"class_list":["post-3581","page","type-page","status-publish","hentry"],"yoast_head":"<!-- This site is optimized with the Yoast SEO plugin v24.3 - https:\/\/yoast.com\/wordpress\/plugins\/seo\/ -->\n<title>Kariyer - \u00c7elik Avukatl\u0131k<\/title>\n<meta name=\"description\" content=\"Ba\u015far\u0131l\u0131 bir akademik \u00f6zge\u00e7mi\u015f Yaz\u0131l\u0131 ve s\u00f6zl\u00fc \u0130ngilizce\u2019ye hakimiyet Yenili\u011fe ve de\u011fi\u015fime a\u00e7\u0131k olabilme Sorunsuz bir ileti\u015fim kurma Sonu\u00e7 ve \u00e7\u00f6z\u00fcm odakl\u0131\" \/>\n<meta name=\"robots\" content=\"index, follow, max-snippet:-1, max-image-preview:large, max-video-preview:-1\" \/>\n<meta property=\"og:locale\" content=\"tr_TR\" \/>\n<meta property=\"og:type\" content=\"article\" \/>\n<meta property=\"og:title\" content=\"Kariyer - \u00c7elik Avukatl\u0131k\" \/>\n<meta property=\"og:description\" content=\"Ba\u015far\u0131l\u0131 bir akademik \u00f6zge\u00e7mi\u015f Yaz\u0131l\u0131 ve s\u00f6zl\u00fc \u0130ngilizce\u2019ye hakimiyet Yenili\u011fe ve de\u011fi\u015fime a\u00e7\u0131k olabilme Sorunsuz bir ileti\u015fim kurma Sonu\u00e7 ve \u00e7\u00f6z\u00fcm odakl\u0131\" \/>\n<meta property=\"og:url\" content=\"https:\/\/celikavukatlik.com\/tr\/kariyer\/\" \/>\n<meta property=\"og:site_name\" content=\"\u00c7elik Avukatl\u0131k\" \/>\n<meta property=\"article:modified_time\" content=\"2021-10-28T17:37:00+00:00\" \/>\n<meta name=\"twitter:card\" content=\"summary_large_image\" \/>\n<meta name=\"twitter:label1\" content=\"Tahmini okuma s\u00fcresi\" \/>\n\t<meta name=\"twitter:data1\" content=\"1 dakika\" \/>\n<script type=\"application\/ld+json\" class=\"yoast-schema-graph\">{\"@context\":\"https:\/\/schema.org\",\"@graph\":[{\"@type\":\"WebPage\",\"@id\":\"https:\/\/celikavukatlik.com\/tr\/kariyer\/\",\"url\":\"https:\/\/celikavukatlik.com\/tr\/kariyer\/\",\"name\":\"Kariyer - \u00c7elik Avukatl\u0131k\",\"isPartOf\":{\"@id\":\"https:\/\/celikavukatlik.com\/#website\"},\"datePublished\":\"2021-10-28T17:34:08+00:00\",\"dateModified\":\"2021-10-28T17:37:00+00:00\",\"description\":\"Ba\u015far\u0131l\u0131 bir akademik \u00f6zge\u00e7mi\u015f Yaz\u0131l\u0131 ve s\u00f6zl\u00fc \u0130ngilizce\u2019ye hakimiyet Yenili\u011fe ve de\u011fi\u015fime a\u00e7\u0131k olabilme Sorunsuz bir ileti\u015fim kurma Sonu\u00e7 ve \u00e7\u00f6z\u00fcm odakl\u0131\",\"inLanguage\":\"tr\",\"potentialAction\":[{\"@type\":\"ReadAction\",\"target\":[\"https:\/\/celikavukatlik.com\/tr\/kariyer\/\"]}]},{\"@type\":\"WebSite\",\"@id\":\"https:\/\/celikavukatlik.com\/#website\",\"url\":\"https:\/\/celikavukatlik.com\/\",\"name\":\"\u00c7elik Avukatl\u0131k\",\"description\":\"\",\"potentialAction\":[{\"@type\":\"SearchAction\",\"target\":{\"@type\":\"EntryPoint\",\"urlTemplate\":\"https:\/\/celikavukatlik.com\/?s={search_term_string}\"},\"query-input\":{\"@type\":\"PropertyValueSpecification\",\"valueRequired\":true,\"valueName\":\"search_term_string\"}}],\"inLanguage\":\"tr\"}]}<\/script>\n<!-- \/ Yoast SEO plugin. -->","yoast_head_json":{"title":"Kariyer - \u00c7elik Avukatl\u0131k","description":"Ba\u015far\u0131l\u0131 bir akademik \u00f6zge\u00e7mi\u015f Yaz\u0131l\u0131 ve s\u00f6zl\u00fc \u0130ngilizce\u2019ye hakimiyet Yenili\u011fe ve de\u011fi\u015fime a\u00e7\u0131k olabilme Sorunsuz bir ileti\u015fim kurma Sonu\u00e7 ve \u00e7\u00f6z\u00fcm odakl\u0131","robots":{"index":"index","follow":"follow","max-snippet":"max-snippet:-1","max-image-preview":"max-image-preview:large","max-video-preview":"max-video-preview:-1"},"og_locale":"tr_TR","og_type":"article","og_title":"Kariyer - \u00c7elik Avukatl\u0131k","og_description":"Ba\u015far\u0131l\u0131 bir akademik \u00f6zge\u00e7mi\u015f Yaz\u0131l\u0131 ve s\u00f6zl\u00fc \u0130ngilizce\u2019ye hakimiyet Yenili\u011fe ve de\u011fi\u015fime a\u00e7\u0131k olabilme Sorunsuz bir ileti\u015fim kurma Sonu\u00e7 ve \u00e7\u00f6z\u00fcm odakl\u0131","og_url":"https:\/\/celikavukatlik.com\/tr\/kariyer\/","og_site_name":"\u00c7elik Avukatl\u0131k","article_modified_time":"2021-10-28T17:37:00+00:00","twitter_card":"summary_large_image","twitter_misc":{"Tahmini okuma s\u00fcresi":"1 dakika"},"schema":{"@context":"https:\/\/schema.org","@graph":[{"@type":"WebPage","@id":"https:\/\/celikavukatlik.com\/tr\/kariyer\/","url":"https:\/\/celikavukatlik.com\/tr\/kariyer\/","name":"Kariyer - \u00c7elik Avukatl\u0131k","isPartOf":{"@id":"https:\/\/celikavukatlik.com\/#website"},"datePublished":"2021-10-28T17:34:08+00:00","dateModified":"2021-10-28T17:37:00+00:00","description":"Ba\u015far\u0131l\u0131 bir akademik \u00f6zge\u00e7mi\u015f Yaz\u0131l\u0131 ve s\u00f6zl\u00fc \u0130ngilizce\u2019ye hakimiyet Yenili\u011fe ve de\u011fi\u015fime a\u00e7\u0131k olabilme Sorunsuz bir ileti\u015fim kurma Sonu\u00e7 ve \u00e7\u00f6z\u00fcm odakl\u0131","inLanguage":"tr","potentialAction":[{"@type":"ReadAction","target":["https:\/\/celikavukatlik.com\/tr\/kariyer\/"]}]},{"@type":"WebSite","@id":"https:\/\/celikavukatlik.com\/#website","url":"https:\/\/celikavukatlik.com\/","name":"\u00c7elik Avukatl\u0131k","description":"","potentialAction":[{"@type":"SearchAction","target":{"@type":"EntryPoint","urlTemplate":"https:\/\/celikavukatlik.com\/?s={search_term_string}"},"query-input":{"@type":"PropertyValueSpecification","valueRequired":true,"valueName":"search_term_string"}}],"inLanguage":"tr"}]}},"_links":{"self":[{"href":"https:\/\/celikavukatlik.com\/tr\/wp-json\/wp\/v2\/pages\/3581","targetHints":{"allow":["GET"]}}],"collection":[{"href":"https:\/\/celikavukatlik.com\/tr\/wp-json\/wp\/v2\/pages"}],"about":[{"href":"https:\/\/celikavukatlik.com\/tr\/wp-json\/wp\/v2\/types\/page"}],"author":[{"embeddable":true,"href":"https:\/\/celikavukatlik.com\/tr\/wp-json\/wp\/v2\/users\/1"}],"replies":[{"embeddable":true,"href":"https:\/\/celikavukatlik.com\/tr\/wp-json\/wp\/v2\/comments?post=3581"}],"version-history":[{"count":5,"href":"https:\/\/celikavukatlik.com\/tr\/wp-json\/wp\/v2\/pages\/3581\/revisions"}],"predecessor-version":[{"id":3587,"href":"https:\/\/celikavukatlik.com\/tr\/wp-json\/wp\/v2\/pages\/3581\/revisions\/3587"}],"wp:attachment":[{"href":"https:\/\/celikavukatlik.com\/tr\/wp-json\/wp\/v2\/media?parent=3581"}],"curies":[{"name":"wp","href":"https:\/\/api.w.org\/{rel}","templated":true}]}}