{"id":610,"date":"2021-02-17T00:56:56","date_gmt":"2021-02-17T00:56:56","guid":{"rendered":"https:\/\/megapack.pixfort.com\/company\/?page_id=610"},"modified":"2021-10-28T20:16:17","modified_gmt":"2021-10-28T17:16:17","slug":"hakkimizda","status":"publish","type":"page","link":"https:\/\/celikavukatlik.com\/tr\/hakkimizda\/","title":{"rendered":"Hakk\u0131m\u0131zda"},"content":{"rendered":"[vc_section full_width=&#8221;stretch_row&#8221; pix_over_visibility=&#8221;&#8221; bottom_divider_select=&#8221;8&#8243; b_has_animation=&#8221;true&#8221; b_2_color=&#8221;rgba(255,255,255,0.01)&#8221; b_3_is_gradient=&#8221;true&#8221; b_3_color=&#8221;rgba(0,0,0,0.08)&#8221; b_3_color_2=&#8221;rgba(255,255,255,0.01)&#8221; b_3_animation=&#8221;fade-in-up&#8221; top_divider_select=&#8221;8&#8243; t_has_animation=&#8221;true&#8221; t_1_color=&#8221;rgba(152,214,98,0.01)&#8221; t_2_color=&#8221;&#8221; t_3_color=&#8221;rgba(255,255,255,0.1)&#8221; t_3_animation=&#8221;fade-in-down&#8221; t_flip_h=&#8221;true&#8221; pix_overlay_color=&#8221;gray-1&#8243; responsive_css=&#8221;{&#8220;pix_res_sm_pt&#8220;:&#8220;20&#8220;,&#8220;pix_res_sm_pb&#8220;:&#8220;20&#8220;,&#8220;pix_res_md_pt&#8220;:&#8220;40&#8220;,&#8220;pix_res_md_pb&#8220;:&#8220;40&#8220;}&#8221; css=&#8221;.vc_custom_1613616369268{padding-top: 80px !important;padding-bottom: 80px !important;}&#8221; t_custom_height=&#8221;200px&#8221; b_custom_height=&#8221;300px&#8221; pix_overlay_opacity=&#8221;1&#8243; b_3_delay=&#8221;300&#8243; t_3_delay=&#8221;150&#8243;][vc_row full_width=&#8221;stretch_row&#8221; content_placement=&#8221;middle&#8221; pix_particles_check=&#8221;&#8221; responsive_css=&#8221;{&#8220;pix_res_sm_pt&#8220;:&#8220;40&#8220;,&#8220;pix_res_sm_pb&#8220;:&#8220;40&#8220;,&#8220;pix_res_md_pt&#8220;:&#8220;40&#8220;,&#8220;pix_res_md_pb&#8220;:&#8220;40&#8220;}&#8221;][vc_column width=&#8221;1\/2&#8243; responsive_css=&#8221;{&#8220;pix_res_sm_pt&#8220;:&#8220;20&#8220;,&#8220;pix_res_sm_pb&#8220;:&#8220;20&#8220;,&#8220;pix_res_md_pt&#8220;:&#8220;20&#8220;,&#8220;pix_res_md_pb&#8220;:&#8220;20&#8220;}&#8221; css=&#8221;.vc_custom_1613616585471{padding-top: 80px !important;padding-bottom: 80px !important;}&#8221;]<div id=\"highlighted-text-4000987\" class=\"text-left  vc_custom_1635440939360\"><h2 class=\"text-heading-default\"  data-anim-type=\"\" data-anim-delay=\"0\"><span class=\"font-weight-normal  heading-font\">\u00c7elik Avukatl\u0131k B\u00fcrosu<\/span><\/h2><\/div><div class=\"pix-el-text slide-in-container w-100   vc_custom_1635440867121\" ><p class=\"text-20  text-dark-opacity-5  \" >\u2018\u2019Hukuk B\u00fcromuz, Av. Bilal \u00c7elik taraf\u0131ndan 2012 y\u0131l\u0131nda kurulmu\u015ftur. B\u00fcromuz kuruldu\u011fu g\u00fcnden bug\u00fcne, hukuki dan\u0131\u015fmanl\u0131k ve avukatl\u0131k faaliyetlerinde \u2018\u2019ihtisas\u2019\u2019 alanlar\u0131nda ve \u201cm\u00fcvekkil odakl\u0131\u201d hizmet sunmay\u0131 ilke edinmi\u015f olup hali haz\u0131rda \u00e7ok say\u0131da yerli ve yabanc\u0131 m\u00fcvekkillerine; kaliteli ve \u2018\u2019mesleki s\u0131r odakl\u0131\u2019\u2019 hizmetlerini vizyonu ve misyonu do\u011frultusunda s\u00fcrd\u00fcrmektedir.<\/p><\/div>[\/vc_column][vc_column width=&#8221;1\/2&#8243; content_align=&#8221;text-center&#8221;]<div class=\"pix-photo-stack pix-img-2  vc_custom_1635441051309\"><div class=\"img-el\" ><div class=\"w-100 pix-bounce-sm pix-duration-slow\"><div class=\"animate-in d-inline-block w-100\" data-anim-type=\"fade-in-up\" data-anim-delay=\"400\"><div class=\"tilt\"><img decoding=\"async\" width=\"442\" height=\"448\" class=\"pix-lazy rounded-lg shadow-lg shadow-hover-lg scale-sm d-inline-block\" loading=\"lazy\" data-srcset=\"https:\/\/celikavukatlik.com\/wp-content\/uploads\/2021\/10\/saphire-hakkimizda-296x300.png 296w, https:\/\/celikavukatlik.com\/wp-content\/uploads\/2021\/10\/saphire-hakkimizda-75x75.png 75w, https:\/\/celikavukatlik.com\/wp-content\/uploads\/2021\/10\/saphire-hakkimizda.png 442w\" src=\"https:\/\/celikavukatlik.com\/wp-content\/plugins\/pixfort-core\/functions\/images\/loading.webp\" data-src=\"https:\/\/celikavukatlik.com\/wp-content\/uploads\/2021\/10\/saphire-hakkimizda.png\" alt=\"\" \/><\/div><\/div><\/div><\/div><div class=\"img-el\" ><div class=\"w-100 pix-bounce-sm pix-duration-slow\"><div class=\"animate-in d-inline-block w-100\" data-anim-type=\"fade-in-up\" data-anim-delay=\"500\"><div class=\"tilt\"><img decoding=\"async\" width=\"380\" height=\"380\" class=\"pix-lazy rounded-lg shadow-lg shadow-hover-lg scale-sm d-inline-block\" loading=\"lazy\" data-srcset=\"https:\/\/celikavukatlik.com\/wp-content\/uploads\/2021\/02\/about-stack-2-1-300x300.jpg 300w, https:\/\/celikavukatlik.com\/wp-content\/uploads\/2021\/02\/about-stack-2-1-150x150.jpg 150w, https:\/\/celikavukatlik.com\/wp-content\/uploads\/2021\/02\/about-stack-2-1-75x75.jpg 75w, https:\/\/celikavukatlik.com\/wp-content\/uploads\/2021\/02\/about-stack-2-1.jpg 380w\" src=\"https:\/\/celikavukatlik.com\/wp-content\/plugins\/pixfort-core\/functions\/images\/loading.webp\" data-src=\"https:\/\/celikavukatlik.com\/wp-content\/uploads\/2021\/02\/about-stack-2-1.jpg\" alt=\"\" \/><\/div><\/div><\/div><\/div><\/div>[\/vc_column][\/vc_row][\/vc_section][vc_section full_width=&#8221;stretch_row&#8221; pix_over_visibility=&#8221;&#8221; responsive_css=&#8221;{&#8220;pix_res_sm_pt&#8220;:&#8220;40&#8220;,&#8220;pix_res_sm_pb&#8220;:&#8220;40&#8220;,&#8220;pix_res_md_pt&#8220;:&#8220;40&#8220;,&#8220;pix_res_md_pb&#8220;:&#8220;40&#8220;}&#8221; css=&#8221;.vc_custom_1613616503577{padding-top: 40px !important;padding-bottom: 80px !important;}&#8221; t_custom_height=&#8221;300px&#8221; b_custom_height=&#8221;300px&#8221;][vc_row pix_particles_check=&#8221;&#8221; responsive_css=&#8221;{&#8220;pix_res_sm_pb&#8220;:&#8220;40&#8220;,&#8220;pix_res_md_pb&#8220;:&#8220;40&#8220;}&#8221;][vc_column]<div class=\"pix-el-text slide-in-container w-100 text-center  vc_custom_1635441355269\" ><div class=\"d-inline-block\" style=\"max-width:800px;\"><p class=\"text-20  text-body-default text-center \" >\u00c7elik Avukatl\u0131k ve Hukuk B\u00fcrosu bug\u00fcn, yurt i\u00e7inde ve yurt d\u0131\u015f\u0131nda yetkin hukuk\u00e7u kadrosu ve i\u015f ortaklar\u0131yla dan\u0131\u015fmanl\u0131k faaliyetlerini s\u00fcrd\u00fcrmektedir. Hukuk B\u00fcromuzun merkezi \u0130stanbul\u2019da olup \u015eanl\u0131urfa, Ankara ve \u0130zmir ba\u015fta olmak \u00fczere \u00e7ok say\u0131da ilde b\u00fcrolarla i\u015f birli\u011fi yaparak T\u00fcrkiye genelinde avukatl\u0131k ve hukuki dan\u0131\u015fmanl\u0131k hizmeti vermektedir.<\/p><\/div><\/div>[\/vc_column][\/vc_row][vc_row pix_particles_check=&#8221;&#8221; responsive_css=&#8221;{&#8220;pix_res_sm_pt&#8220;:&#8220;20&#8220;,&#8220;pix_res_md_pt&#8220;:&#8220;30&#8220;}&#8221; css=&#8221;.vc_custom_1604783537362{padding-top: 60px !important;}&#8221;][vc_column width=&#8221;1\/4&#8243; content_align=&#8221;text-center&#8221;]<div class=\"pix_numbers animate-math  vc_custom_1613616692693\"><div><h1 class=\"align-self-center text-center display-3\"><span class=\"font-weight-bold text-primary\" style=\"\">+<\/span><span class=\"number font-weight-bold text-primary\" style=\"\" data-duration=\"3000\" data-to=\"150\">0<\/span><span class=\"font-weight-bold text-primary\" style=\"\"><\/span><\/h1><\/div><div class=\"w-100 text-center\"><h6 class=\"mt-0 text-heading-default font-weight-bold\" style=\"\">Available developers<\/h6><\/div><\/div>\n[\/vc_column][vc_column width=&#8221;1\/4&#8243; content_align=&#8221;text-center&#8221;]<div class=\"pix_numbers animate-math  vc_custom_1613616702413\"><div><h1 class=\"align-self-center text-center display-3\"><span class=\"font-weight-bold text-primary\" style=\"\">+<\/span><span class=\"number font-weight-bold text-primary\" style=\"\" data-duration=\"3000\" data-to=\"60\">0<\/span><span class=\"font-weight-bold text-primary\" style=\"\">K<\/span><\/h1><\/div><div class=\"w-100 text-center\"><h6 class=\"mt-0 text-heading-default font-weight-bold\" style=\"\">Clients Every Year<\/h6><\/div><\/div>\n[\/vc_column][vc_column width=&#8221;1\/4&#8243; content_align=&#8221;text-center&#8221;]<div class=\"pix_numbers animate-math  vc_custom_1613616706599\"><div><h1 class=\"align-self-center text-center display-3\"><span class=\"font-weight-bold text-primary\" style=\"\">+<\/span><span class=\"number font-weight-bold text-primary\" style=\"\" data-duration=\"3000\" data-to=\"46\">0<\/span><span class=\"font-weight-bold text-primary\" style=\"\">M<\/span><\/h1><\/div><div class=\"w-100 text-center\"><h6 class=\"mt-0 text-heading-default font-weight-bold\" style=\"\">Revenue in 2020<\/h6><\/div><\/div>\n[\/vc_column][vc_column width=&#8221;1\/4&#8243; content_align=&#8221;text-center&#8221;]<div class=\"pix_numbers animate-math  vc_custom_1613616722810\"><div><h1 class=\"align-self-center text-center display-3\"><span class=\"font-weight-bold text-primary\" style=\"\">+<\/span><span class=\"number font-weight-bold text-primary\" style=\"\" data-duration=\"3000\" data-to=\"265\">0<\/span><span class=\"font-weight-bold text-primary\" style=\"\"><\/span><\/h1><\/div><div class=\"w-100 text-center\"><h6 class=\"mt-0 text-heading-default font-weight-bold\" style=\"\">Staff members in Europe<\/h6><\/div><\/div>\n[\/vc_column][\/vc_row][\/vc_section][vc_section full_width=&#8221;stretch_row&#8221; pix_over_visibility=&#8221;&#8221; bottom_divider_select=&#8221;8&#8243; bottom_layers=&#8221;1&#8243; top_divider_select=&#8221;8&#8243; top_layers=&#8221;1&#8243; pix_overlay_color=&#8221;gray-1&#8243; responsive_css=&#8221;{&#8220;pix_res_sm_pt&#8220;:&#8220;40&#8220;,&#8220;pix_res_sm_pb&#8220;:&#8220;40&#8220;,&#8220;pix_res_md_pt&#8220;:&#8220;40&#8220;,&#8220;pix_res_md_pb&#8220;:&#8220;40&#8220;}&#8221; css=&#8221;.vc_custom_1613615221749{padding-top: 220px !important;padding-bottom: 180px !important;}&#8221; pix_overlay_opacity=&#8221;1&#8243; t_custom_height=&#8221;300px&#8221; b_custom_height=&#8221;300px&#8221;][vc_row content_placement=&#8221;middle&#8221; pix_particles_check=&#8221;&#8221;][vc_column css=&#8221;.vc_custom_1601136905904{padding-top: 30px !important;padding-bottom: 30px !important;}&#8221;][vc_column_text]\u00c7elik Avukatl\u0131k ve Hukuk B\u00fcrosu, \u00e7ok say\u0131da ger\u00e7ek ve t\u00fczel ki\u015fi m\u00fcvekkiline \u00f6zel hukuk ve kamu hukukunun geni\u015f dallar\u0131nda hizmet vermektedir. B\u00fcromuz yerli ve yabanc\u0131 m\u00fcvekkillerine hali haz\u0131rda T\u00fcrk\u00e7e, \u0130ngilizce, Almanca ve \u0130sve\u00e7 dilinde hizmet vermektedir.\r\n\r\nB\u00fcromuz, ger\u00e7ek ve t\u00fczel ki\u015fi m\u00fcvekkillerine ihtiya\u00e7lar\u0131na ve \u00e7a\u011f\u0131n gereklerine uygun \u2018\u2019etkili\u2019\u2019 ve \u2018\u2019somut\u2019\u2019 hukuki \u00e7\u00f6z\u00fcmler sunmaktad\u0131r. \u00c7elik Avukatl\u0131k ve Hukuk B\u00fcrosu, akademik bilgi ve becerileri haiz olduk\u00e7a deneyimli avukat ve dan\u0131\u015fman kadrosu ile m\u00fcvekkillerinin faaliyet g\u00f6sterdi\u011fi sekt\u00f6rleri yak\u0131ndan takip ederek bilhassa \u015firketlere ticari hayat\u0131n ve sekt\u00f6r\u00fcn gereklerine uygun, son derece etkili \u00e7\u00f6z\u00fcmler sunmaktad\u0131r.\u2019\u2019[\/vc_column_text][\/vc_column][\/vc_row][\/vc_section]","protected":false},"excerpt":{"rendered":"[vc_section full_width=&#8221;stretch_row&#8221; pix_over_visibility=&#8221;&#8221; bottom_divider_select=&#8221;8&#8243; b_has_animation=&#8221;true&#8221; b_2_color=&#8221;rgba(255,255,255,0.01)&#8221; b_3_is_gradient=&#8221;true&#8221; b_3_color=&#8221;rgba(0,0,0,0.08)&#8221; b_3_color_2=&#8221;rgba(255,255,255,0.01)&#8221; b_3_animation=&#8221;fade-in-up&#8221; top_divider_select=&#8221;8&#8243; t_has_animation=&#8221;true&#8221; t_1_color=&#8221;rgba(152,214,98,0.01)&#8221; t_2_color=&#8221;&#8221; t_3_color=&#8221;rgba(255,255,255,0.1)&#8221; t_3_animation=&#8221;fade-in-down&#8221; t_flip_h=&#8221;true&#8221; pix_overlay_color=&#8221;gray-1&#8243; responsive_css=&#8221;{&#8220;pix_res_sm_pt&#8220;:&#8220;20&#8220;,&#8220;pix_res_sm_pb&#8220;:&#8220;20&#8220;,&#8220;pix_res_md_pt&#8220;:&#8220;40&#8220;,&#8220;pix_res_md_pb&#8220;:&#8220;40&#8220;}&#8221; css=&#8221;.vc_custom_1613616369268{padding-top: 80px !important;padding-bottom: 80px !important;}&#8221; t_custom_height=&#8221;200px&#8221; b_custom_height=&#8221;300px&#8221; pix_overlay_opacity=&#8221;1&#8243; b_3_delay=&#8221;300&#8243; t_3_delay=&#8221;150&#8243;][vc_row full_width=&#8221;stretch_row&#8221; content_placement=&#8221;middle&#8221; pix_particles_check=&#8221;&#8221; responsive_css=&#8221;{&#8220;pix_res_sm_pt&#8220;:&#8220;40&#8220;,&#8220;pix_res_sm_pb&#8220;:&#8220;40&#8220;,&#8220;pix_res_md_pt&#8220;:&#8220;40&#8220;,&#8220;pix_res_md_pb&#8220;:&#8220;40&#8220;}&#8221;][vc_column width=&#8221;1\/2&#8243; responsive_css=&#8221;{&#8220;pix_res_sm_pt&#8220;:&#8220;20&#8220;,&#8220;pix_res_sm_pb&#8220;:&#8220;20&#8220;,&#8220;pix_res_md_pt&#8220;:&#8220;20&#8220;,&#8220;pix_res_md_pb&#8220;:&#8220;20&#8220;}&#8221; css=&#8221;.vc_custom_1613616585471{padding-top: 80px !important;padding-bottom: 80px !important;}&#8221;][\/vc_column][vc_column&#8230;","protected":false},"author":1,"featured_media":0,"parent":0,"menu_order":0,"comment_status":"closed","ping_status":"closed","template":"","meta":{"footnotes":""},"class_list":["post-610","page","type-page","status-publish","hentry"],"yoast_head":"<!-- This site is optimized with the Yoast SEO plugin v24.3 - https:\/\/yoast.com\/wordpress\/plugins\/seo\/ -->\n<title>Hakk\u0131m\u0131zda - \u00c7elik Avukatl\u0131k<\/title>\n<meta name=\"description\" content=\"\u00c7elik Avukatl\u0131k ve Hukuk B\u00fcrosu, \u00e7ok say\u0131da ger\u00e7ek ve t\u00fczel ki\u015fi m\u00fcvekkiline \u00f6zel hukuk ve kamu hukukunun geni\u015f dallar\u0131nda hizmet vermektedir. B\u00fcromuz\" \/>\n<meta name=\"robots\" content=\"index, follow, max-snippet:-1, max-image-preview:large, max-video-preview:-1\" \/>\n<meta property=\"og:locale\" content=\"tr_TR\" \/>\n<meta property=\"og:type\" content=\"article\" \/>\n<meta property=\"og:title\" content=\"Hakk\u0131m\u0131zda - \u00c7elik Avukatl\u0131k\" \/>\n<meta property=\"og:description\" content=\"\u00c7elik Avukatl\u0131k ve Hukuk B\u00fcrosu, \u00e7ok say\u0131da ger\u00e7ek ve t\u00fczel ki\u015fi m\u00fcvekkiline \u00f6zel hukuk ve kamu hukukunun geni\u015f dallar\u0131nda hizmet vermektedir. B\u00fcromuz\" \/>\n<meta property=\"og:url\" content=\"https:\/\/celikavukatlik.com\/tr\/hakkimizda\/\" \/>\n<meta property=\"og:site_name\" content=\"\u00c7elik Avukatl\u0131k\" \/>\n<meta property=\"article:modified_time\" content=\"2021-10-28T17:16:17+00:00\" \/>\n<meta name=\"twitter:card\" content=\"summary_large_image\" \/>\n<meta name=\"twitter:label1\" content=\"Tahmini okuma s\u00fcresi\" \/>\n\t<meta name=\"twitter:data1\" content=\"5 dakika\" \/>\n<script type=\"application\/ld+json\" class=\"yoast-schema-graph\">{\"@context\":\"https:\/\/schema.org\",\"@graph\":[{\"@type\":\"WebPage\",\"@id\":\"https:\/\/celikavukatlik.com\/tr\/hakkimizda\/\",\"url\":\"https:\/\/celikavukatlik.com\/tr\/hakkimizda\/\",\"name\":\"Hakk\u0131m\u0131zda - \u00c7elik Avukatl\u0131k\",\"isPartOf\":{\"@id\":\"https:\/\/celikavukatlik.com\/#website\"},\"datePublished\":\"2021-02-17T00:56:56+00:00\",\"dateModified\":\"2021-10-28T17:16:17+00:00\",\"description\":\"\u00c7elik Avukatl\u0131k ve Hukuk B\u00fcrosu, \u00e7ok say\u0131da ger\u00e7ek ve t\u00fczel ki\u015fi m\u00fcvekkiline \u00f6zel hukuk ve kamu hukukunun geni\u015f dallar\u0131nda hizmet vermektedir. B\u00fcromuz\",\"inLanguage\":\"tr\",\"potentialAction\":[{\"@type\":\"ReadAction\",\"target\":[\"https:\/\/celikavukatlik.com\/tr\/hakkimizda\/\"]}]},{\"@type\":\"WebSite\",\"@id\":\"https:\/\/celikavukatlik.com\/#website\",\"url\":\"https:\/\/celikavukatlik.com\/\",\"name\":\"\u00c7elik Avukatl\u0131k\",\"description\":\"\",\"potentialAction\":[{\"@type\":\"SearchAction\",\"target\":{\"@type\":\"EntryPoint\",\"urlTemplate\":\"https:\/\/celikavukatlik.com\/?s={search_term_string}\"},\"query-input\":{\"@type\":\"PropertyValueSpecification\",\"valueRequired\":true,\"valueName\":\"search_term_string\"}}],\"inLanguage\":\"tr\"}]}<\/script>\n<!-- \/ Yoast SEO plugin. -->","yoast_head_json":{"title":"Hakk\u0131m\u0131zda - \u00c7elik Avukatl\u0131k","description":"\u00c7elik Avukatl\u0131k ve Hukuk B\u00fcrosu, \u00e7ok say\u0131da ger\u00e7ek ve t\u00fczel ki\u015fi m\u00fcvekkiline \u00f6zel hukuk ve kamu hukukunun geni\u015f dallar\u0131nda hizmet vermektedir. B\u00fcromuz","robots":{"index":"index","follow":"follow","max-snippet":"max-snippet:-1","max-image-preview":"max-image-preview:large","max-video-preview":"max-video-preview:-1"},"og_locale":"tr_TR","og_type":"article","og_title":"Hakk\u0131m\u0131zda - \u00c7elik Avukatl\u0131k","og_description":"\u00c7elik Avukatl\u0131k ve Hukuk B\u00fcrosu, \u00e7ok say\u0131da ger\u00e7ek ve t\u00fczel ki\u015fi m\u00fcvekkiline \u00f6zel hukuk ve kamu hukukunun geni\u015f dallar\u0131nda hizmet vermektedir. B\u00fcromuz","og_url":"https:\/\/celikavukatlik.com\/tr\/hakkimizda\/","og_site_name":"\u00c7elik Avukatl\u0131k","article_modified_time":"2021-10-28T17:16:17+00:00","twitter_card":"summary_large_image","twitter_misc":{"Tahmini okuma s\u00fcresi":"5 dakika"},"schema":{"@context":"https:\/\/schema.org","@graph":[{"@type":"WebPage","@id":"https:\/\/celikavukatlik.com\/tr\/hakkimizda\/","url":"https:\/\/celikavukatlik.com\/tr\/hakkimizda\/","name":"Hakk\u0131m\u0131zda - \u00c7elik Avukatl\u0131k","isPartOf":{"@id":"https:\/\/celikavukatlik.com\/#website"},"datePublished":"2021-02-17T00:56:56+00:00","dateModified":"2021-10-28T17:16:17+00:00","description":"\u00c7elik Avukatl\u0131k ve Hukuk B\u00fcrosu, \u00e7ok say\u0131da ger\u00e7ek ve t\u00fczel ki\u015fi m\u00fcvekkiline \u00f6zel hukuk ve kamu hukukunun geni\u015f dallar\u0131nda hizmet vermektedir. B\u00fcromuz","inLanguage":"tr","potentialAction":[{"@type":"ReadAction","target":["https:\/\/celikavukatlik.com\/tr\/hakkimizda\/"]}]},{"@type":"WebSite","@id":"https:\/\/celikavukatlik.com\/#website","url":"https:\/\/celikavukatlik.com\/","name":"\u00c7elik Avukatl\u0131k","description":"","potentialAction":[{"@type":"SearchAction","target":{"@type":"EntryPoint","urlTemplate":"https:\/\/celikavukatlik.com\/?s={search_term_string}"},"query-input":{"@type":"PropertyValueSpecification","valueRequired":true,"valueName":"search_term_string"}}],"inLanguage":"tr"}]}},"_links":{"self":[{"href":"https:\/\/celikavukatlik.com\/tr\/wp-json\/wp\/v2\/pages\/610","targetHints":{"allow":["GET"]}}],"collection":[{"href":"https:\/\/celikavukatlik.com\/tr\/wp-json\/wp\/v2\/pages"}],"about":[{"href":"https:\/\/celikavukatlik.com\/tr\/wp-json\/wp\/v2\/types\/page"}],"author":[{"embeddable":true,"href":"https:\/\/celikavukatlik.com\/tr\/wp-json\/wp\/v2\/users\/1"}],"replies":[{"embeddable":true,"href":"https:\/\/celikavukatlik.com\/tr\/wp-json\/wp\/v2\/comments?post=610"}],"version-history":[{"count":9,"href":"https:\/\/celikavukatlik.com\/tr\/wp-json\/wp\/v2\/pages\/610\/revisions"}],"predecessor-version":[{"id":3560,"href":"https:\/\/celikavukatlik.com\/tr\/wp-json\/wp\/v2\/pages\/610\/revisions\/3560"}],"wp:attachment":[{"href":"https:\/\/celikavukatlik.com\/tr\/wp-json\/wp\/v2\/media?parent=610"}],"curies":[{"name":"wp","href":"https:\/\/api.w.org\/{rel}","templated":true}]}}