{"id":7999,"date":"2021-12-07T01:19:20","date_gmt":"2021-12-06T22:19:20","guid":{"rendered":"https:\/\/celikavukatlik.com\/?page_id=7999"},"modified":"2021-12-07T01:20:20","modified_gmt":"2021-12-06T22:20:20","slug":"gizlilik-sozlesmesi","status":"publish","type":"page","link":"https:\/\/celikavukatlik.com\/tr\/gizlilik-sozlesmesi\/","title":{"rendered":"Gizlilik S\u00f6zle\u015fmesi"},"content":{"rendered":"[vc_row pix_particles_check=&#8221;&#8221;][vc_column][vc_column_text]\r\n<div><strong>\u00dcyelik S\u00f6zle\u015fmesi ve Gizlilik Politikas\u0131<\/strong><\/div>\r\n<div><a href=\"https:\/\/www.celikavukatlik.com.tr\">www.celikavukatli.com.tr<\/a> adresine \u00fcye olabilmek, siteden hizmet alabilmek veya siteyi kullanabilmek i\u00e7in a\u015fa\u011f\u0131da belirtece\u011fimiz \u015fartlar\u0131 kabul etmeniz gerekmektedir.<\/div>\r\n<div><\/div>\r\n<div><strong>\u00dcyelik S\u00f6zle\u015fmesi<\/strong><\/div>\r\n<ul>\r\n \t<li>Yap\u0131lacak olan \u00fcyelik s\u00f6zle\u015fmesiyle birlikte bu s\u00f6zle\u015fmenin taraflar\u0131 olan\u00a0<a href=\"https:\/\/www.celikavukatlik.com.tr\">www.celikavukatlik.com.tr<\/a>\u00a0ile \u00fcyelik s\u00f6zle\u015fmesinin di\u011fer taraf\u0131 olan \u00fcye birtak\u0131m y\u00fck\u00fcml\u00fcl\u00fckleri yerine getirmek durumundad\u0131r. Bu hak ve y\u00fck\u00fcml\u00fcl\u00fckler:<\/li>\r\n \t<li>\u0130nternet sitesine \u00fcye olan ki\u015fi bu \u00fcyelik s\u00f6zle\u015fmesini ve gizlilik politikas\u0131n\u0131 onaylad\u0131ktan sonra i\u015fbu s\u00f6zle\u015fmenin &#8221;Taraf\u0131&#8221; olacakt\u0131r.<\/li>\r\n \t<li>S\u00f6zle\u015fmenin taraf\u0131 olan \u00fcye bu siteye \u00fcye olmakla birlikte site \u00fczerinden, kanuna ayk\u0131r\u0131 herhangi bir i\u015flem, topluma ve genel ahlaka ayk\u0131r\u0131 bir davran\u0131\u015f, kamu d\u00fczeninin bozan herhangi bir eylem ger\u00e7ekle\u015ftiremez.<\/li>\r\n \t<li>\u0130\u015fbu s\u00f6zle\u015fmeyle birlikte \u00fcyelerin iletti\u011fi ki\u015fisel bilgiler (Telefon numaralar\u0131, e-mail bilgileri vs.) 3.ki\u015filere a\u00e7\u0131lmayacakt\u0131r. Ki\u015filerin payla\u015ft\u0131\u011f\u0131 bilgiler &#8221;Gizli Bilgiler&#8221; olarak nitelendirilecek ve bu hususa g\u00f6re hareket edilecektir.<\/li>\r\n \t<li><a href=\"https:\/\/www.celikavukatlik.com.tr\">www.celikavukatlik.com.tr<\/a>\u00a0sitesinde yer alan fikir ve d\u00fc\u015f\u00fcnceler, yaz\u0131lan yorumlar veya sorulan sorular yaln\u0131zca \u00fcyelerin fikirleri olup bu durumlardan dolay\u0131 da yine yaln\u0131zca \u00fcyeler sorumlu olacaklard\u0131r.<\/li>\r\n \t<li>&#8221;Gizli Bilgiler&#8221; olarak nitelendirilen bu bilgiler ancak resmi makamlar\u0131n talepleri \u00fczerine yine bu resmi makamlar ile payla\u015f\u0131labilecektir.<\/li>\r\n \t<li>\u00dcyenin sa\u011fl\u0131kl\u0131 bir s\u00f6zle\u015fme olabilmesi i\u00e7in bilgilerini do\u011fru girmesi ve g\u00fcncel kay\u0131tl\u0131 bilgileri vermesi gerekmektedir. Aksinin tespit edildi\u011fi durumlarda s\u00f6zle\u015fme\u00a0<a href=\"https:\/\/www.celikavukatlik.com.tr\">www.celikavukatlik.com.tr<\/a>\u00a0taraf\u0131ndan tek tarafl\u0131 olarak iptal edilebilecektir.<\/li>\r\n \t<li>\u00dcyelik s\u00f6zle\u015fmesinde meydana gelebilecek de\u011fi\u015fiklikleri \u00fcye takip etmek durumundad\u0131r. Yap\u0131lan de\u011fi\u015fiklikler sitede yay\u0131mlanmas\u0131yla birlikte ge\u00e7erli olmaya ba\u015flayacakt\u0131r. \u00dcye hizmetlerden yararlanmaya devam etmekle birlikte de\u011fi\u015fiklikleri kabul ediyor say\u0131lacakt\u0131r.<\/li>\r\n \t<li>\u00dcyelik s\u00f6zle\u015fmesinin yetkisiz ki\u015filer taraf\u0131ndan ele ge\u00e7irilmesi, yaz\u0131l\u0131ma veya internet sitesine kar\u015f\u0131 yap\u0131lacak herhangi bir sald\u0131r\u0131 ile ortaya \u00e7\u0131kacak zarardan\u00a0<a href=\"https:\/\/www.celikavukatlik.com.tr\">www.celikavukatlik.com.tr<\/a> sorumlu olmayacakt\u0131r.<\/li>\r\n \t<li>\u00dcyelerin fikir veya g\u00f6r\u00fc\u015flerini payla\u015fmalar\u0131ndan dolay\u0131 ortaya \u00e7\u0131kabilecek her t\u00fcrl\u00fc sorumluluktan yine \u00fcyeler sorumlu olacakt\u0131r.<\/li>\r\n \t<li>\u0130\u015fbu s\u00f6zle\u015fmeyle birlikte\u00a0<a href=\"https:\/\/www.celikavukatlik.com.tr\">www.celikavukatlik.com.tr<\/a> taraf\u0131ndan \u00fcyeye sms veya e-mail g\u00f6nderilebilecektir. Bu s\u00f6zle\u015fmenin onaylanmas\u0131yla birlikte \u00fcye sms veya e-mail g\u00f6nderilme i\u015flemini kabul ediyor olacakt\u0131r. Sms veya e-mail almak istemeyen \u00fcye bunu a\u00e7\u0131k bir \u015fekilde ileti\u015fime ge\u00e7erek bildirmek durumundad\u0131r.<\/li>\r\n \t<li>Burada \u00fcye olunmas\u0131yla birlikte avukat-m\u00fcvekkil ili\u015fkisi kurulmamakta yaln\u0131zca internet sitesine \u00fcyelik i\u015flemi ger\u00e7ekle\u015fmektedir.<\/li>\r\n \t<li>\u00dcye i\u015fbu s\u00f6zle\u015fmeyle birlikte s\u00f6zle\u015fmenin taraflar\u0131 aras\u0131nda olu\u015fabilecek her t\u00fcrl\u00fc uyu\u015fmazl\u0131kta \u0130stanbul (Merkez) Adliyesi Mahkemeleri ve \u0130cra Mahkemeleri yetkili olacakt\u0131r. Bu uyu\u015fmazl\u0131klardan dolay\u0131 olu\u015fabilecek her t\u00fcrl\u00fc durumda T\u00fcrk Hukuku kurallar\u0131 ge\u00e7erli olacakt\u0131r.<\/li>\r\n \t<li>\u00dcyenin \u00fcyelik kayd\u0131 yapmas\u0131 ile birlikte yaz\u0131lan t\u00fcm maddeleri okudu\u011fu ve bunlar\u0131 kabul etti\u011fi; s\u00f6zle\u015fmede yer alan maddeler d\u0131\u015f\u0131nda bir i\u015flem yapamayaca\u011f\u0131 aksi halde\u00a0<a href=\"https:\/\/www.celikavukatlik.com.tr\">www.celikavukatlik.com.tr<\/a> &#8216;un haklar\u0131n\u0131n sakl\u0131 tutulaca\u011f\u0131 anlam\u0131na gelecektir.<\/li>\r\n<\/ul>\r\n[\/vc_column_text][\/vc_column][\/vc_row]","protected":false},"excerpt":{"rendered":"[vc_row pix_particles_check=&#8221;&#8221;][vc_column][vc_column_text] \u00dcyelik S\u00f6zle\u015fmesi ve Gizlilik Politikas\u0131 www.celikavukatli.com.tr adresine \u00fcye olabilmek, siteden hizmet alabilmek veya siteyi kullanabilmek i\u00e7in a\u015fa\u011f\u0131da belirtece\u011fimiz \u015fartlar\u0131 kabul etmeniz gerekmektedir. \u00dcyelik S\u00f6zle\u015fmesi Yap\u0131lacak olan \u00fcyelik s\u00f6zle\u015fmesiyle birlikte bu s\u00f6zle\u015fmenin taraflar\u0131 olan\u00a0www.celikavukatlik.com.tr\u00a0ile \u00fcyelik s\u00f6zle\u015fmesinin di\u011fer taraf\u0131 olan&#8230;","protected":false},"author":1,"featured_media":0,"parent":0,"menu_order":0,"comment_status":"closed","ping_status":"closed","template":"","meta":{"footnotes":""},"class_list":["post-7999","page","type-page","status-publish","hentry"],"yoast_head":"<!-- This site is optimized with the Yoast SEO plugin v24.3 - https:\/\/yoast.com\/wordpress\/plugins\/seo\/ -->\n<title>Gizlilik S\u00f6zle\u015fmesi - \u00c7elik Avukatl\u0131k<\/title>\n<meta name=\"description\" content=\"\u00dcyelik S\u00f6zle\u015fmesi ve Gizlilik Politikas\u0131 www.celikavukatli.com.tr adresine \u00fcye olabilmek, siteden hizmet alabilmek veya siteyi kullanabilmek i\u00e7in a\u015fa\u011f\u0131da\" \/>\n<meta name=\"robots\" content=\"index, follow, max-snippet:-1, max-image-preview:large, max-video-preview:-1\" \/>\n<meta property=\"og:locale\" content=\"tr_TR\" \/>\n<meta property=\"og:type\" content=\"article\" \/>\n<meta property=\"og:title\" content=\"Gizlilik S\u00f6zle\u015fmesi - \u00c7elik Avukatl\u0131k\" \/>\n<meta property=\"og:description\" content=\"\u00dcyelik S\u00f6zle\u015fmesi ve Gizlilik Politikas\u0131 www.celikavukatli.com.tr adresine \u00fcye olabilmek, siteden hizmet alabilmek veya siteyi kullanabilmek i\u00e7in a\u015fa\u011f\u0131da\" \/>\n<meta property=\"og:url\" content=\"https:\/\/celikavukatlik.com\/tr\/gizlilik-sozlesmesi\/\" \/>\n<meta property=\"og:site_name\" content=\"\u00c7elik Avukatl\u0131k\" \/>\n<meta property=\"article:modified_time\" content=\"2021-12-06T22:20:20+00:00\" \/>\n<meta name=\"twitter:card\" content=\"summary_large_image\" \/>\n<meta name=\"twitter:label1\" content=\"Tahmini okuma s\u00fcresi\" \/>\n\t<meta name=\"twitter:data1\" content=\"3 dakika\" \/>\n<script type=\"application\/ld+json\" class=\"yoast-schema-graph\">{\"@context\":\"https:\/\/schema.org\",\"@graph\":[{\"@type\":\"WebPage\",\"@id\":\"https:\/\/celikavukatlik.com\/tr\/gizlilik-sozlesmesi\/\",\"url\":\"https:\/\/celikavukatlik.com\/tr\/gizlilik-sozlesmesi\/\",\"name\":\"Gizlilik S\u00f6zle\u015fmesi - \u00c7elik Avukatl\u0131k\",\"isPartOf\":{\"@id\":\"https:\/\/celikavukatlik.com\/#website\"},\"datePublished\":\"2021-12-06T22:19:20+00:00\",\"dateModified\":\"2021-12-06T22:20:20+00:00\",\"description\":\"\u00dcyelik S\u00f6zle\u015fmesi ve Gizlilik Politikas\u0131 www.celikavukatli.com.tr adresine \u00fcye olabilmek, siteden hizmet alabilmek veya siteyi kullanabilmek i\u00e7in a\u015fa\u011f\u0131da\",\"inLanguage\":\"tr\",\"potentialAction\":[{\"@type\":\"ReadAction\",\"target\":[\"https:\/\/celikavukatlik.com\/tr\/gizlilik-sozlesmesi\/\"]}]},{\"@type\":\"WebSite\",\"@id\":\"https:\/\/celikavukatlik.com\/#website\",\"url\":\"https:\/\/celikavukatlik.com\/\",\"name\":\"\u00c7elik Avukatl\u0131k\",\"description\":\"\",\"potentialAction\":[{\"@type\":\"SearchAction\",\"target\":{\"@type\":\"EntryPoint\",\"urlTemplate\":\"https:\/\/celikavukatlik.com\/?s={search_term_string}\"},\"query-input\":{\"@type\":\"PropertyValueSpecification\",\"valueRequired\":true,\"valueName\":\"search_term_string\"}}],\"inLanguage\":\"tr\"}]}<\/script>\n<!-- \/ Yoast SEO plugin. -->","yoast_head_json":{"title":"Gizlilik S\u00f6zle\u015fmesi - \u00c7elik Avukatl\u0131k","description":"\u00dcyelik S\u00f6zle\u015fmesi ve Gizlilik Politikas\u0131 www.celikavukatli.com.tr adresine \u00fcye olabilmek, siteden hizmet alabilmek veya siteyi kullanabilmek i\u00e7in a\u015fa\u011f\u0131da","robots":{"index":"index","follow":"follow","max-snippet":"max-snippet:-1","max-image-preview":"max-image-preview:large","max-video-preview":"max-video-preview:-1"},"og_locale":"tr_TR","og_type":"article","og_title":"Gizlilik S\u00f6zle\u015fmesi - \u00c7elik Avukatl\u0131k","og_description":"\u00dcyelik S\u00f6zle\u015fmesi ve Gizlilik Politikas\u0131 www.celikavukatli.com.tr adresine \u00fcye olabilmek, siteden hizmet alabilmek veya siteyi kullanabilmek i\u00e7in a\u015fa\u011f\u0131da","og_url":"https:\/\/celikavukatlik.com\/tr\/gizlilik-sozlesmesi\/","og_site_name":"\u00c7elik Avukatl\u0131k","article_modified_time":"2021-12-06T22:20:20+00:00","twitter_card":"summary_large_image","twitter_misc":{"Tahmini okuma s\u00fcresi":"3 dakika"},"schema":{"@context":"https:\/\/schema.org","@graph":[{"@type":"WebPage","@id":"https:\/\/celikavukatlik.com\/tr\/gizlilik-sozlesmesi\/","url":"https:\/\/celikavukatlik.com\/tr\/gizlilik-sozlesmesi\/","name":"Gizlilik S\u00f6zle\u015fmesi - \u00c7elik Avukatl\u0131k","isPartOf":{"@id":"https:\/\/celikavukatlik.com\/#website"},"datePublished":"2021-12-06T22:19:20+00:00","dateModified":"2021-12-06T22:20:20+00:00","description":"\u00dcyelik S\u00f6zle\u015fmesi ve Gizlilik Politikas\u0131 www.celikavukatli.com.tr adresine \u00fcye olabilmek, siteden hizmet alabilmek veya siteyi kullanabilmek i\u00e7in a\u015fa\u011f\u0131da","inLanguage":"tr","potentialAction":[{"@type":"ReadAction","target":["https:\/\/celikavukatlik.com\/tr\/gizlilik-sozlesmesi\/"]}]},{"@type":"WebSite","@id":"https:\/\/celikavukatlik.com\/#website","url":"https:\/\/celikavukatlik.com\/","name":"\u00c7elik Avukatl\u0131k","description":"","potentialAction":[{"@type":"SearchAction","target":{"@type":"EntryPoint","urlTemplate":"https:\/\/celikavukatlik.com\/?s={search_term_string}"},"query-input":{"@type":"PropertyValueSpecification","valueRequired":true,"valueName":"search_term_string"}}],"inLanguage":"tr"}]}},"_links":{"self":[{"href":"https:\/\/celikavukatlik.com\/tr\/wp-json\/wp\/v2\/pages\/7999","targetHints":{"allow":["GET"]}}],"collection":[{"href":"https:\/\/celikavukatlik.com\/tr\/wp-json\/wp\/v2\/pages"}],"about":[{"href":"https:\/\/celikavukatlik.com\/tr\/wp-json\/wp\/v2\/types\/page"}],"author":[{"embeddable":true,"href":"https:\/\/celikavukatlik.com\/tr\/wp-json\/wp\/v2\/users\/1"}],"replies":[{"embeddable":true,"href":"https:\/\/celikavukatlik.com\/tr\/wp-json\/wp\/v2\/comments?post=7999"}],"version-history":[{"count":2,"href":"https:\/\/celikavukatlik.com\/tr\/wp-json\/wp\/v2\/pages\/7999\/revisions"}],"predecessor-version":[{"id":8001,"href":"https:\/\/celikavukatlik.com\/tr\/wp-json\/wp\/v2\/pages\/7999\/revisions\/8001"}],"wp:attachment":[{"href":"https:\/\/celikavukatlik.com\/tr\/wp-json\/wp\/v2\/media?parent=7999"}],"curies":[{"name":"wp","href":"https:\/\/api.w.org\/{rel}","templated":true}]}}