{"id":8002,"date":"2021-12-07T01:21:15","date_gmt":"2021-12-06T22:21:15","guid":{"rendered":"https:\/\/celikavukatlik.com\/?page_id=8002"},"modified":"2021-12-07T01:27:33","modified_gmt":"2021-12-06T22:27:33","slug":"tv-ve-medya","status":"publish","type":"page","link":"https:\/\/celikavukatlik.com\/tr\/tv-ve-medya\/","title":{"rendered":"Tv ve Medya"},"content":{"rendered":"[vc_row pix_particles_check=&#8221;&#8221;][vc_column width=&#8221;1\/3&#8243;][vc_video link=&#8221;https:\/\/www.youtube.com\/watch?v=z-VBlUJin2g&#8221; title=&#8221;Velayet de\u011fi\u015fikli\u011fi m\u00fcmk\u00fcn m\u00fcd\u00fcr ?&#8221;][\/vc_column][vc_column width=&#8221;1\/3&#8243;][vc_video link=&#8221;https:\/\/www.youtube.com\/watch?v=RKWa6sj7CYA&#8221; title=&#8221;Telefondan gizlice al\u0131nan belgeler mahkemeye delil olarak sunulabilir mi?&#8221;][\/vc_column][vc_column width=&#8221;1\/3&#8243;][vc_video link=&#8221;https:\/\/www.youtube.com\/watch?v=IGanZa6z6Mo&#8221; title=&#8221;Bo\u015fanan \u00e7ift ortak velayet alabilir mi?&#8221;][\/vc_column][\/vc_row][vc_row pix_particles_check=&#8221;&#8221; css=&#8221;.vc_custom_1638829547210{padding-top: 30px !important;}&#8221;][vc_column width=&#8221;1\/3&#8243;][vc_video link=&#8221;https:\/\/www.youtube.com\/watch?v=Afpqj3F3tcw&#8221; title=&#8221;Bo\u015fanma davas\u0131 a\u00e7t\u0131ktan sonra ayn\u0131 evde ya\u015farsam dava hakk\u0131m d\u00fc\u015fer mi?&#8221;][\/vc_column][vc_column width=&#8221;1\/3&#8243;][vc_video link=&#8221;https:\/\/www.youtube.com\/watch?v=M71vbdMdoFM&#8221; title=&#8221;Zina nedeniyle bo\u015fanma nas\u0131l ispat edilir?&#8221;][\/vc_column][vc_column width=&#8221;1\/3&#8243;][vc_video link=&#8221;https:\/\/www.youtube.com\/watch?v=H-AsQ-f6gHI&#8221; title=&#8221;Evlilik s\u00f6zle\u015fmesi d\u00fc\u015f\u00fcn\u00fcld\u00fc\u011f\u00fc gibi olumsuz bir durum mu?&#8221;][\/vc_column][\/vc_row][vc_row pix_particles_check=&#8221;&#8221; css=&#8221;.vc_custom_1638829547210{padding-top: 30px !important;}&#8221;][vc_column width=&#8221;1\/3&#8243;][vc_video link=&#8221;https:\/\/www.youtube.com\/watch?v=FKUH_firAss&#8221; title=&#8221;Whatsapp mesajlar\u0131n\u0131n delil niteli\u011fi var m\u0131?&#8221;][\/vc_column][vc_column width=&#8221;1\/3&#8243;][vc_video link=&#8221;https:\/\/www.youtube.com\/watch?v=6GAUW_xh8Q8&#8243; title=&#8221;Bo\u015fanmada mal payla\u015f\u0131m\u0131 nas\u0131l yap\u0131l\u0131r?&#8221;][\/vc_column][vc_column width=&#8221;1\/3&#8243;][vc_video link=&#8221;https:\/\/www.youtube.com\/watch?v=_-9ioI4wPxo&#8221; title=&#8221;Gizli kamera kayd\u0131 delil say\u0131l\u0131r m\u0131?&#8221;][\/vc_column][\/vc_row][vc_row pix_particles_check=&#8221;&#8221; css=&#8221;.vc_custom_1638829547210{padding-top: 30px !important;}&#8221;][vc_column width=&#8221;1\/3&#8243;][vc_video link=&#8221;https:\/\/www.youtube.com\/watch?v=Rs6-VJiusmo&#8221; title=&#8221;Sosyal medyada hakaret, k\u00fcf\u00fcr i\u00e7eren yorumlar\u0131 \u015fikayet edebilir miyiz?&#8221;][\/vc_column][vc_column width=&#8221;1\/3&#8243;][vc_video link=&#8221;https:\/\/www.youtube.com\/watch?v=UhJ2IaIJF6A&#8221; title=&#8221;Sosyal medyada yay\u0131nlanm\u0131\u015f foto\u011fraf\u0131 delil olarak sunmak su\u00e7 mu?&#8221;][\/vc_column][vc_column width=&#8221;1\/3&#8243;][vc_video link=&#8221;https:\/\/www.youtube.com\/watch?v=PzjBDJLy4oA&#8221; title=&#8221;Bo\u015fanmada ev payla\u015f\u0131m\u0131 nas\u0131l olur, oturulan ev kime kal\u0131r?&#8221;][\/vc_column][\/vc_row]","protected":false},"excerpt":{"rendered":"[vc_row pix_particles_check=&#8221;&#8221;][vc_column width=&#8221;1\/3&#8243;][vc_video link=&#8221;https:\/\/www.youtube.com\/watch?v=z-VBlUJin2g&#8221; title=&#8221;Velayet de\u011fi\u015fikli\u011fi m\u00fcmk\u00fcn m\u00fcd\u00fcr ?&#8221;][\/vc_column][vc_column width=&#8221;1\/3&#8243;][vc_video link=&#8221;https:\/\/www.youtube.com\/watch?v=RKWa6sj7CYA&#8221; title=&#8221;Telefondan gizlice al\u0131nan belgeler mahkemeye delil olarak sunulabilir mi?&#8221;][\/vc_column][vc_column width=&#8221;1\/3&#8243;][vc_video link=&#8221;https:\/\/www.youtube.com\/watch?v=IGanZa6z6Mo&#8221; title=&#8221;Bo\u015fanan \u00e7ift ortak velayet alabilir mi?&#8221;][\/vc_column][\/vc_row][vc_row pix_particles_check=&#8221;&#8221; css=&#8221;.vc_custom_1638829547210{padding-top: 30px !important;}&#8221;][vc_column width=&#8221;1\/3&#8243;][vc_video link=&#8221;https:\/\/www.youtube.com\/watch?v=Afpqj3F3tcw&#8221; title=&#8221;Bo\u015fanma davas\u0131 a\u00e7t\u0131ktan sonra ayn\u0131 evde&#8230;","protected":false},"author":1,"featured_media":0,"parent":0,"menu_order":0,"comment_status":"closed","ping_status":"closed","template":"","meta":{"footnotes":""},"class_list":["post-8002","page","type-page","status-publish","hentry"],"yoast_head":"<!-- This site is optimized with the Yoast SEO plugin v24.3 - https:\/\/yoast.com\/wordpress\/plugins\/seo\/ -->\n<title>Tv ve Medya - \u00c7elik Avukatl\u0131k<\/title>\n<meta name=\"robots\" content=\"index, follow, max-snippet:-1, max-image-preview:large, max-video-preview:-1\" \/>\n<meta property=\"og:locale\" content=\"tr_TR\" \/>\n<meta property=\"og:type\" content=\"article\" \/>\n<meta property=\"og:title\" content=\"Tv ve Medya - \u00c7elik Avukatl\u0131k\" \/>\n<meta property=\"og:url\" content=\"https:\/\/celikavukatlik.com\/tr\/tv-ve-medya\/\" \/>\n<meta property=\"og:site_name\" content=\"\u00c7elik Avukatl\u0131k\" \/>\n<meta property=\"article:modified_time\" content=\"2021-12-06T22:27:33+00:00\" \/>\n<meta name=\"twitter:card\" content=\"summary_large_image\" \/>\n<meta name=\"twitter:label1\" content=\"Tahmini okuma s\u00fcresi\" \/>\n\t<meta name=\"twitter:data1\" content=\"2 dakika\" \/>\n<script type=\"application\/ld+json\" class=\"yoast-schema-graph\">{\"@context\":\"https:\/\/schema.org\",\"@graph\":[{\"@type\":\"WebPage\",\"@id\":\"https:\/\/celikavukatlik.com\/tr\/tv-ve-medya\/\",\"url\":\"https:\/\/celikavukatlik.com\/tr\/tv-ve-medya\/\",\"name\":\"Tv ve Medya - \u00c7elik Avukatl\u0131k\",\"isPartOf\":{\"@id\":\"https:\/\/celikavukatlik.com\/#website\"},\"datePublished\":\"2021-12-06T22:21:15+00:00\",\"dateModified\":\"2021-12-06T22:27:33+00:00\",\"inLanguage\":\"tr\",\"potentialAction\":[{\"@type\":\"ReadAction\",\"target\":[\"https:\/\/celikavukatlik.com\/tr\/tv-ve-medya\/\"]}]},{\"@type\":\"WebSite\",\"@id\":\"https:\/\/celikavukatlik.com\/#website\",\"url\":\"https:\/\/celikavukatlik.com\/\",\"name\":\"\u00c7elik Avukatl\u0131k\",\"description\":\"\",\"potentialAction\":[{\"@type\":\"SearchAction\",\"target\":{\"@type\":\"EntryPoint\",\"urlTemplate\":\"https:\/\/celikavukatlik.com\/?s={search_term_string}\"},\"query-input\":{\"@type\":\"PropertyValueSpecification\",\"valueRequired\":true,\"valueName\":\"search_term_string\"}}],\"inLanguage\":\"tr\"}]}<\/script>\n<!-- \/ Yoast SEO plugin. -->","yoast_head_json":{"title":"Tv ve Medya - \u00c7elik Avukatl\u0131k","robots":{"index":"index","follow":"follow","max-snippet":"max-snippet:-1","max-image-preview":"max-image-preview:large","max-video-preview":"max-video-preview:-1"},"og_locale":"tr_TR","og_type":"article","og_title":"Tv ve Medya - \u00c7elik Avukatl\u0131k","og_url":"https:\/\/celikavukatlik.com\/tr\/tv-ve-medya\/","og_site_name":"\u00c7elik Avukatl\u0131k","article_modified_time":"2021-12-06T22:27:33+00:00","twitter_card":"summary_large_image","twitter_misc":{"Tahmini okuma s\u00fcresi":"2 dakika"},"schema":{"@context":"https:\/\/schema.org","@graph":[{"@type":"WebPage","@id":"https:\/\/celikavukatlik.com\/tr\/tv-ve-medya\/","url":"https:\/\/celikavukatlik.com\/tr\/tv-ve-medya\/","name":"Tv ve Medya - \u00c7elik Avukatl\u0131k","isPartOf":{"@id":"https:\/\/celikavukatlik.com\/#website"},"datePublished":"2021-12-06T22:21:15+00:00","dateModified":"2021-12-06T22:27:33+00:00","inLanguage":"tr","potentialAction":[{"@type":"ReadAction","target":["https:\/\/celikavukatlik.com\/tr\/tv-ve-medya\/"]}]},{"@type":"WebSite","@id":"https:\/\/celikavukatlik.com\/#website","url":"https:\/\/celikavukatlik.com\/","name":"\u00c7elik Avukatl\u0131k","description":"","potentialAction":[{"@type":"SearchAction","target":{"@type":"EntryPoint","urlTemplate":"https:\/\/celikavukatlik.com\/?s={search_term_string}"},"query-input":{"@type":"PropertyValueSpecification","valueRequired":true,"valueName":"search_term_string"}}],"inLanguage":"tr"}]}},"_links":{"self":[{"href":"https:\/\/celikavukatlik.com\/tr\/wp-json\/wp\/v2\/pages\/8002","targetHints":{"allow":["GET"]}}],"collection":[{"href":"https:\/\/celikavukatlik.com\/tr\/wp-json\/wp\/v2\/pages"}],"about":[{"href":"https:\/\/celikavukatlik.com\/tr\/wp-json\/wp\/v2\/types\/page"}],"author":[{"embeddable":true,"href":"https:\/\/celikavukatlik.com\/tr\/wp-json\/wp\/v2\/users\/1"}],"replies":[{"embeddable":true,"href":"https:\/\/celikavukatlik.com\/tr\/wp-json\/wp\/v2\/comments?post=8002"}],"version-history":[{"count":6,"href":"https:\/\/celikavukatlik.com\/tr\/wp-json\/wp\/v2\/pages\/8002\/revisions"}],"predecessor-version":[{"id":8008,"href":"https:\/\/celikavukatlik.com\/tr\/wp-json\/wp\/v2\/pages\/8002\/revisions\/8008"}],"wp:attachment":[{"href":"https:\/\/celikavukatlik.com\/tr\/wp-json\/wp\/v2\/media?parent=8002"}],"curies":[{"name":"wp","href":"https:\/\/api.w.org\/{rel}","templated":true}]}}